{"id":2758,"date":"2026-04-14T06:04:06","date_gmt":"2026-04-14T05:04:06","guid":{"rendered":"https:\/\/www.coulissesduchef.com\/site\/?post_type=product&#038;p=2758"},"modified":"2026-04-14T06:06:06","modified_gmt":"2026-04-14T05:06:06","slug":"cours-de-patisserie-11-juillet-2026","status":"publish","type":"product","link":"https:\/\/www.coulissesduchef.com\/site\/produit\/cours-de-patisserie-11-juillet-2026\/","title":{"rendered":"Cours de patisserie 11 juillet 2026"},"content":{"rendered":"<p>Nous vous accueillons dans notre atelier de cuisine pour partager avec vous de d\u00e9licieux moments lors de nos <strong>cours de cuisine<\/strong>.<\/p>\n<p><strong>11 juillet 2025 85 \u20ac TTC<\/strong><\/p>\n<p><strong>15H00 17H30<\/strong><\/p>\n<p>Macarons au citron<\/p>\n<p>Trop\u00e9zienne<\/p>\n<p>(P\u00e2tisseries \u00e0 Emporter)<\/p>\n<p>&nbsp;<\/p>\n","protected":false},"excerpt":{"rendered":"<p class=\"align-justify\"><strong>D\u00e9couvrez\u00a0<\/strong>de nouvelles recettes avec notre s\u00e9lection de produits lors de nos ateliers, ou bien <strong>perfectionnez\u00a0<\/strong>vos bases en confectionnant des plats lors d&rsquo;un menu complet.<\/p>\n<p class=\"align-justify\">Avec d&rsquo;autres\u00a0<strong>adultes<\/strong>, entre\u00a0<strong>amis<\/strong>, entre\u00a0<strong>coll\u00e8gues<\/strong>, en\u00a0<strong>famille<\/strong>, avec les\u00a0<strong>enfants<\/strong>, devenez de v\u00e9ritables chefs : pr\u00e9parez\u00a0un menu en cuisine, venez apprendre les bases lors de nos cours selon des th\u00e8mes pr\u00e9-d\u00e9finis :<\/p>\n","protected":false},"featured_media":2449,"template":"","meta":{"_et_pb_use_builder":"off","_et_pb_old_content":"","_et_gb_content_width":""},"product_brand":[],"product_cat":[47],"product_tag":[],"class_list":{"0":"post-2758","1":"product","2":"type-product","3":"status-publish","4":"has-post-thumbnail","6":"product_cat-patisserie","8":"first","9":"instock","10":"downloadable","11":"virtual","12":"taxable","13":"purchasable","14":"product-type-simple"},"yoast_head":"<!-- This site is optimized with the Yoast SEO plugin v27.4 - https:\/\/yoast.com\/product\/yoast-seo-wordpress\/ -->\n<title>Cours de patisserie 11 juillet 2026 - Cours de cuisine \u00e0 Paris<\/title>\n<meta name=\"robots\" content=\"index, follow, max-snippet:-1, max-image-preview:large, max-video-preview:-1\" \/>\n<link rel=\"canonical\" href=\"https:\/\/www.coulissesduchef.com\/site\/produit\/cours-de-patisserie-11-juillet-2026\/\" \/>\n<meta property=\"og:locale\" content=\"fr_FR\" \/>\n<meta property=\"og:type\" content=\"article\" \/>\n<meta property=\"og:title\" content=\"Cours de patisserie 11 juillet 2026 - Cours de cuisine \u00e0 Paris\" \/>\n<meta property=\"og:description\" content=\"D\u00e9couvrez\u00a0de nouvelles recettes avec notre s\u00e9lection de produits lors de nos ateliers, ou bien perfectionnez\u00a0vos bases en confectionnant des plats lors d&#039;un menu complet. Avec d&#039;autres\u00a0adultes, entre\u00a0amis, entre\u00a0coll\u00e8gues, en\u00a0famille, avec les\u00a0enfants, devenez de v\u00e9ritables chefs : pr\u00e9parez\u00a0un menu en cuisine, venez apprendre les bases lors de nos cours selon des th\u00e8mes pr\u00e9-d\u00e9finis :\" \/>\n<meta property=\"og:url\" content=\"https:\/\/www.coulissesduchef.com\/site\/produit\/cours-de-patisserie-11-juillet-2026\/\" \/>\n<meta property=\"og:site_name\" content=\"Cours de cuisine \u00e0 Paris\" \/>\n<meta property=\"article:modified_time\" content=\"2026-04-14T05:06:06+00:00\" \/>\n<meta property=\"og:image\" content=\"https:\/\/www.coulissesduchef.com\/site\/wp-content\/uploads\/2025\/02\/20241226_111514-scaled.jpg\" \/>\n\t<meta property=\"og:image:width\" content=\"2560\" \/>\n\t<meta property=\"og:image:height\" content=\"1920\" \/>\n\t<meta property=\"og:image:type\" content=\"image\/jpeg\" \/>\n<meta name=\"twitter:card\" content=\"summary_large_image\" \/>\n<meta name=\"twitter:label1\" content=\"Dur\u00e9e de lecture estim\u00e9e\" \/>\n\t<meta name=\"twitter:data1\" content=\"1 minute\" \/>\n<script type=\"application\/ld+json\" class=\"yoast-schema-graph\">{\"@context\":\"https:\\\/\\\/schema.org\",\"@graph\":[{\"@type\":\"WebPage\",\"@id\":\"https:\\\/\\\/www.coulissesduchef.com\\\/site\\\/produit\\\/cours-de-patisserie-11-juillet-2026\\\/\",\"url\":\"https:\\\/\\\/www.coulissesduchef.com\\\/site\\\/produit\\\/cours-de-patisserie-11-juillet-2026\\\/\",\"name\":\"Cours de patisserie 11 juillet 2026 - Cours de cuisine \u00e0 Paris\",\"isPartOf\":{\"@id\":\"https:\\\/\\\/www.coulissesduchef.com\\\/site\\\/#website\"},\"primaryImageOfPage\":{\"@id\":\"https:\\\/\\\/www.coulissesduchef.com\\\/site\\\/produit\\\/cours-de-patisserie-11-juillet-2026\\\/#primaryimage\"},\"image\":{\"@id\":\"https:\\\/\\\/www.coulissesduchef.com\\\/site\\\/produit\\\/cours-de-patisserie-11-juillet-2026\\\/#primaryimage\"},\"thumbnailUrl\":\"https:\\\/\\\/www.coulissesduchef.com\\\/site\\\/wp-content\\\/uploads\\\/2025\\\/02\\\/20241226_111514-scaled.jpg\",\"datePublished\":\"2026-04-14T05:04:06+00:00\",\"dateModified\":\"2026-04-14T05:06:06+00:00\",\"breadcrumb\":{\"@id\":\"https:\\\/\\\/www.coulissesduchef.com\\\/site\\\/produit\\\/cours-de-patisserie-11-juillet-2026\\\/#breadcrumb\"},\"inLanguage\":\"fr-FR\",\"potentialAction\":[{\"@type\":\"ReadAction\",\"target\":[\"https:\\\/\\\/www.coulissesduchef.com\\\/site\\\/produit\\\/cours-de-patisserie-11-juillet-2026\\\/\"]}]},{\"@type\":\"ImageObject\",\"inLanguage\":\"fr-FR\",\"@id\":\"https:\\\/\\\/www.coulissesduchef.com\\\/site\\\/produit\\\/cours-de-patisserie-11-juillet-2026\\\/#primaryimage\",\"url\":\"https:\\\/\\\/www.coulissesduchef.com\\\/site\\\/wp-content\\\/uploads\\\/2025\\\/02\\\/20241226_111514-scaled.jpg\",\"contentUrl\":\"https:\\\/\\\/www.coulissesduchef.com\\\/site\\\/wp-content\\\/uploads\\\/2025\\\/02\\\/20241226_111514-scaled.jpg\",\"width\":2560,\"height\":1920},{\"@type\":\"BreadcrumbList\",\"@id\":\"https:\\\/\\\/www.coulissesduchef.com\\\/site\\\/produit\\\/cours-de-patisserie-11-juillet-2026\\\/#breadcrumb\",\"itemListElement\":[{\"@type\":\"ListItem\",\"position\":1,\"name\":\"Accueil\",\"item\":\"https:\\\/\\\/www.coulissesduchef.com\\\/site\\\/\"},{\"@type\":\"ListItem\",\"position\":2,\"name\":\"Boutique\",\"item\":\"https:\\\/\\\/www.coulissesduchef.com\\\/site\\\/boutique\\\/\"},{\"@type\":\"ListItem\",\"position\":3,\"name\":\"Cours de patisserie 11 juillet 2026\"}]},{\"@type\":\"WebSite\",\"@id\":\"https:\\\/\\\/www.coulissesduchef.com\\\/site\\\/#website\",\"url\":\"https:\\\/\\\/www.coulissesduchef.com\\\/site\\\/\",\"name\":\"Cours de cuisine \u00e0 Paris\",\"description\":\"Atelier &amp; Cours de cuisine d&#039;Olivier Bert\u00e9 Paris\",\"potentialAction\":[{\"@type\":\"SearchAction\",\"target\":{\"@type\":\"EntryPoint\",\"urlTemplate\":\"https:\\\/\\\/www.coulissesduchef.com\\\/site\\\/?s={search_term_string}\"},\"query-input\":{\"@type\":\"PropertyValueSpecification\",\"valueRequired\":true,\"valueName\":\"search_term_string\"}}],\"inLanguage\":\"fr-FR\"}]}<\/script>\n<!-- \/ Yoast SEO plugin. -->","yoast_head_json":{"title":"Cours de patisserie 11 juillet 2026 - Cours de cuisine \u00e0 Paris","robots":{"index":"index","follow":"follow","max-snippet":"max-snippet:-1","max-image-preview":"max-image-preview:large","max-video-preview":"max-video-preview:-1"},"canonical":"https:\/\/www.coulissesduchef.com\/site\/produit\/cours-de-patisserie-11-juillet-2026\/","og_locale":"fr_FR","og_type":"article","og_title":"Cours de patisserie 11 juillet 2026 - Cours de cuisine \u00e0 Paris","og_description":"D\u00e9couvrez\u00a0de nouvelles recettes avec notre s\u00e9lection de produits lors de nos ateliers, ou bien perfectionnez\u00a0vos bases en confectionnant des plats lors d'un menu complet. Avec d'autres\u00a0adultes, entre\u00a0amis, entre\u00a0coll\u00e8gues, en\u00a0famille, avec les\u00a0enfants, devenez de v\u00e9ritables chefs : pr\u00e9parez\u00a0un menu en cuisine, venez apprendre les bases lors de nos cours selon des th\u00e8mes pr\u00e9-d\u00e9finis :","og_url":"https:\/\/www.coulissesduchef.com\/site\/produit\/cours-de-patisserie-11-juillet-2026\/","og_site_name":"Cours de cuisine \u00e0 Paris","article_modified_time":"2026-04-14T05:06:06+00:00","og_image":[{"width":2560,"height":1920,"url":"https:\/\/www.coulissesduchef.com\/site\/wp-content\/uploads\/2025\/02\/20241226_111514-scaled.jpg","type":"image\/jpeg"}],"twitter_card":"summary_large_image","twitter_misc":{"Dur\u00e9e de lecture estim\u00e9e":"1 minute"},"schema":{"@context":"https:\/\/schema.org","@graph":[{"@type":"WebPage","@id":"https:\/\/www.coulissesduchef.com\/site\/produit\/cours-de-patisserie-11-juillet-2026\/","url":"https:\/\/www.coulissesduchef.com\/site\/produit\/cours-de-patisserie-11-juillet-2026\/","name":"Cours de patisserie 11 juillet 2026 - Cours de cuisine \u00e0 Paris","isPartOf":{"@id":"https:\/\/www.coulissesduchef.com\/site\/#website"},"primaryImageOfPage":{"@id":"https:\/\/www.coulissesduchef.com\/site\/produit\/cours-de-patisserie-11-juillet-2026\/#primaryimage"},"image":{"@id":"https:\/\/www.coulissesduchef.com\/site\/produit\/cours-de-patisserie-11-juillet-2026\/#primaryimage"},"thumbnailUrl":"https:\/\/www.coulissesduchef.com\/site\/wp-content\/uploads\/2025\/02\/20241226_111514-scaled.jpg","datePublished":"2026-04-14T05:04:06+00:00","dateModified":"2026-04-14T05:06:06+00:00","breadcrumb":{"@id":"https:\/\/www.coulissesduchef.com\/site\/produit\/cours-de-patisserie-11-juillet-2026\/#breadcrumb"},"inLanguage":"fr-FR","potentialAction":[{"@type":"ReadAction","target":["https:\/\/www.coulissesduchef.com\/site\/produit\/cours-de-patisserie-11-juillet-2026\/"]}]},{"@type":"ImageObject","inLanguage":"fr-FR","@id":"https:\/\/www.coulissesduchef.com\/site\/produit\/cours-de-patisserie-11-juillet-2026\/#primaryimage","url":"https:\/\/www.coulissesduchef.com\/site\/wp-content\/uploads\/2025\/02\/20241226_111514-scaled.jpg","contentUrl":"https:\/\/www.coulissesduchef.com\/site\/wp-content\/uploads\/2025\/02\/20241226_111514-scaled.jpg","width":2560,"height":1920},{"@type":"BreadcrumbList","@id":"https:\/\/www.coulissesduchef.com\/site\/produit\/cours-de-patisserie-11-juillet-2026\/#breadcrumb","itemListElement":[{"@type":"ListItem","position":1,"name":"Accueil","item":"https:\/\/www.coulissesduchef.com\/site\/"},{"@type":"ListItem","position":2,"name":"Boutique","item":"https:\/\/www.coulissesduchef.com\/site\/boutique\/"},{"@type":"ListItem","position":3,"name":"Cours de patisserie 11 juillet 2026"}]},{"@type":"WebSite","@id":"https:\/\/www.coulissesduchef.com\/site\/#website","url":"https:\/\/www.coulissesduchef.com\/site\/","name":"Cours de cuisine \u00e0 Paris","description":"Atelier &amp; Cours de cuisine d&#039;Olivier Bert\u00e9 Paris","potentialAction":[{"@type":"SearchAction","target":{"@type":"EntryPoint","urlTemplate":"https:\/\/www.coulissesduchef.com\/site\/?s={search_term_string}"},"query-input":{"@type":"PropertyValueSpecification","valueRequired":true,"valueName":"search_term_string"}}],"inLanguage":"fr-FR"}]}},"_links":{"self":[{"href":"https:\/\/www.coulissesduchef.com\/site\/wp-json\/wp\/v2\/product\/2758","targetHints":{"allow":["GET"]}}],"collection":[{"href":"https:\/\/www.coulissesduchef.com\/site\/wp-json\/wp\/v2\/product"}],"about":[{"href":"https:\/\/www.coulissesduchef.com\/site\/wp-json\/wp\/v2\/types\/product"}],"wp:featuredmedia":[{"embeddable":true,"href":"https:\/\/www.coulissesduchef.com\/site\/wp-json\/wp\/v2\/media\/2449"}],"wp:attachment":[{"href":"https:\/\/www.coulissesduchef.com\/site\/wp-json\/wp\/v2\/media?parent=2758"}],"wp:term":[{"taxonomy":"product_brand","embeddable":true,"href":"https:\/\/www.coulissesduchef.com\/site\/wp-json\/wp\/v2\/product_brand?post=2758"},{"taxonomy":"product_cat","embeddable":true,"href":"https:\/\/www.coulissesduchef.com\/site\/wp-json\/wp\/v2\/product_cat?post=2758"},{"taxonomy":"product_tag","embeddable":true,"href":"https:\/\/www.coulissesduchef.com\/site\/wp-json\/wp\/v2\/product_tag?post=2758"}],"curies":[{"name":"wp","href":"https:\/\/api.w.org\/{rel}","templated":true}]}}