{"id":2642,"date":"2026-02-09T07:30:52","date_gmt":"2026-02-09T06:30:52","guid":{"rendered":"https:\/\/www.coulissesduchef.com\/site\/?post_type=product&#038;p=2642"},"modified":"2026-03-14T19:32:03","modified_gmt":"2026-03-14T18:32:03","slug":"cours-de-cuisine-6-juin-2026","status":"publish","type":"product","link":"https:\/\/www.coulissesduchef.com\/site\/produit\/cours-de-cuisine-6-juin-2026\/","title":{"rendered":"Cours de cuisine 6 juin 2026"},"content":{"rendered":"<p>Nous vous accueillons dans notre atelier de cuisine pour partager avec vous de d\u00e9licieux moments lors de nos <strong>cours de cuisine<\/strong>.<\/p>\n<p><strong>Samedi 6 juin 2026<\/strong><\/p>\n<p>10h00 \u2013 13h00<\/p>\n<p>Carpaccio de tomates anciennes aux herbes<\/p>\n<p>Croustillant de longe de thon \u00e0 la coriandre, gratin de courgettes<\/p>\n<p>Vacherin glac\u00e9 \u00e0 la vanille<\/p>\n","protected":false},"excerpt":{"rendered":"<p class=\"align-justify\"><strong>D\u00e9couvrez\u00a0<\/strong>de nouvelles recettes avec notre s\u00e9lection de produits lors de nos ateliers, ou bien <strong>perfectionnez\u00a0<\/strong>vos bases en confectionnant des plats lors d&rsquo;un menu complet.<\/p>\n<p class=\"align-justify\">Avec d&rsquo;autres\u00a0<strong>adultes<\/strong>, entre\u00a0<strong>amis<\/strong>, entre\u00a0<strong>coll\u00e8gues<\/strong>, en\u00a0<strong>famille<\/strong>, avec les\u00a0<strong>enfants<\/strong>, devenez de v\u00e9ritables chefs : pr\u00e9parez\u00a0un menu en cuisine, venez apprendre les bases lors de nos cours selon des th\u00e8mes pr\u00e9-d\u00e9finis :<\/p>\n","protected":false},"featured_media":2643,"template":"","meta":{"_et_pb_use_builder":"off","_et_pb_old_content":"","_et_gb_content_width":""},"product_brand":[],"product_cat":[61],"product_tag":[],"class_list":{"0":"post-2642","1":"product","2":"type-product","3":"status-publish","4":"has-post-thumbnail","6":"product_cat-juin-2026","8":"first","9":"instock","10":"downloadable","11":"virtual","12":"taxable","13":"purchasable","14":"product-type-simple"},"yoast_head":"<!-- This site is optimized with the Yoast SEO plugin v27.4 - https:\/\/yoast.com\/product\/yoast-seo-wordpress\/ -->\n<title>Cours de cuisine 6 juin 2026 - Cours de cuisine \u00e0 Paris<\/title>\n<meta name=\"robots\" content=\"index, follow, max-snippet:-1, max-image-preview:large, max-video-preview:-1\" \/>\n<link rel=\"canonical\" href=\"https:\/\/www.coulissesduchef.com\/site\/produit\/cours-de-cuisine-6-juin-2026\/\" \/>\n<meta property=\"og:locale\" content=\"fr_FR\" \/>\n<meta property=\"og:type\" content=\"article\" \/>\n<meta property=\"og:title\" content=\"Cours de cuisine 6 juin 2026 - Cours de cuisine \u00e0 Paris\" \/>\n<meta property=\"og:description\" content=\"D\u00e9couvrez\u00a0de nouvelles recettes avec notre s\u00e9lection de produits lors de nos ateliers, ou bien perfectionnez\u00a0vos bases en confectionnant des plats lors d&#039;un menu complet. Avec d&#039;autres\u00a0adultes, entre\u00a0amis, entre\u00a0coll\u00e8gues, en\u00a0famille, avec les\u00a0enfants, devenez de v\u00e9ritables chefs : pr\u00e9parez\u00a0un menu en cuisine, venez apprendre les bases lors de nos cours selon des th\u00e8mes pr\u00e9-d\u00e9finis :\" \/>\n<meta property=\"og:url\" content=\"https:\/\/www.coulissesduchef.com\/site\/produit\/cours-de-cuisine-6-juin-2026\/\" \/>\n<meta property=\"og:site_name\" content=\"Cours de cuisine \u00e0 Paris\" \/>\n<meta property=\"article:modified_time\" content=\"2026-03-14T18:32:03+00:00\" \/>\n<meta property=\"og:image\" content=\"https:\/\/www.coulissesduchef.com\/site\/wp-content\/uploads\/2026\/02\/Capture-decran-2026-02-09-073233.jpg\" \/>\n\t<meta property=\"og:image:width\" content=\"1266\" \/>\n\t<meta property=\"og:image:height\" content=\"1054\" \/>\n\t<meta property=\"og:image:type\" content=\"image\/jpeg\" \/>\n<meta name=\"twitter:card\" content=\"summary_large_image\" \/>\n<meta name=\"twitter:label1\" content=\"Dur\u00e9e de lecture estim\u00e9e\" \/>\n\t<meta name=\"twitter:data1\" content=\"1 minute\" \/>\n<script type=\"application\/ld+json\" class=\"yoast-schema-graph\">{\"@context\":\"https:\\\/\\\/schema.org\",\"@graph\":[{\"@type\":\"WebPage\",\"@id\":\"https:\\\/\\\/www.coulissesduchef.com\\\/site\\\/produit\\\/cours-de-cuisine-6-juin-2026\\\/\",\"url\":\"https:\\\/\\\/www.coulissesduchef.com\\\/site\\\/produit\\\/cours-de-cuisine-6-juin-2026\\\/\",\"name\":\"Cours de cuisine 6 juin 2026 - Cours de cuisine \u00e0 Paris\",\"isPartOf\":{\"@id\":\"https:\\\/\\\/www.coulissesduchef.com\\\/site\\\/#website\"},\"primaryImageOfPage\":{\"@id\":\"https:\\\/\\\/www.coulissesduchef.com\\\/site\\\/produit\\\/cours-de-cuisine-6-juin-2026\\\/#primaryimage\"},\"image\":{\"@id\":\"https:\\\/\\\/www.coulissesduchef.com\\\/site\\\/produit\\\/cours-de-cuisine-6-juin-2026\\\/#primaryimage\"},\"thumbnailUrl\":\"https:\\\/\\\/www.coulissesduchef.com\\\/site\\\/wp-content\\\/uploads\\\/2026\\\/02\\\/Capture-decran-2026-02-09-073233.jpg\",\"datePublished\":\"2026-02-09T06:30:52+00:00\",\"dateModified\":\"2026-03-14T18:32:03+00:00\",\"breadcrumb\":{\"@id\":\"https:\\\/\\\/www.coulissesduchef.com\\\/site\\\/produit\\\/cours-de-cuisine-6-juin-2026\\\/#breadcrumb\"},\"inLanguage\":\"fr-FR\",\"potentialAction\":[{\"@type\":\"ReadAction\",\"target\":[\"https:\\\/\\\/www.coulissesduchef.com\\\/site\\\/produit\\\/cours-de-cuisine-6-juin-2026\\\/\"]}]},{\"@type\":\"ImageObject\",\"inLanguage\":\"fr-FR\",\"@id\":\"https:\\\/\\\/www.coulissesduchef.com\\\/site\\\/produit\\\/cours-de-cuisine-6-juin-2026\\\/#primaryimage\",\"url\":\"https:\\\/\\\/www.coulissesduchef.com\\\/site\\\/wp-content\\\/uploads\\\/2026\\\/02\\\/Capture-decran-2026-02-09-073233.jpg\",\"contentUrl\":\"https:\\\/\\\/www.coulissesduchef.com\\\/site\\\/wp-content\\\/uploads\\\/2026\\\/02\\\/Capture-decran-2026-02-09-073233.jpg\",\"width\":1266,\"height\":1054},{\"@type\":\"BreadcrumbList\",\"@id\":\"https:\\\/\\\/www.coulissesduchef.com\\\/site\\\/produit\\\/cours-de-cuisine-6-juin-2026\\\/#breadcrumb\",\"itemListElement\":[{\"@type\":\"ListItem\",\"position\":1,\"name\":\"Accueil\",\"item\":\"https:\\\/\\\/www.coulissesduchef.com\\\/site\\\/\"},{\"@type\":\"ListItem\",\"position\":2,\"name\":\"Boutique\",\"item\":\"https:\\\/\\\/www.coulissesduchef.com\\\/site\\\/boutique\\\/\"},{\"@type\":\"ListItem\",\"position\":3,\"name\":\"Cours de cuisine 6 juin 2026\"}]},{\"@type\":\"WebSite\",\"@id\":\"https:\\\/\\\/www.coulissesduchef.com\\\/site\\\/#website\",\"url\":\"https:\\\/\\\/www.coulissesduchef.com\\\/site\\\/\",\"name\":\"Cours de cuisine \u00e0 Paris\",\"description\":\"Atelier &amp; Cours de cuisine d&#039;Olivier Bert\u00e9 Paris\",\"potentialAction\":[{\"@type\":\"SearchAction\",\"target\":{\"@type\":\"EntryPoint\",\"urlTemplate\":\"https:\\\/\\\/www.coulissesduchef.com\\\/site\\\/?s={search_term_string}\"},\"query-input\":{\"@type\":\"PropertyValueSpecification\",\"valueRequired\":true,\"valueName\":\"search_term_string\"}}],\"inLanguage\":\"fr-FR\"}]}<\/script>\n<!-- \/ Yoast SEO plugin. -->","yoast_head_json":{"title":"Cours de cuisine 6 juin 2026 - Cours de cuisine \u00e0 Paris","robots":{"index":"index","follow":"follow","max-snippet":"max-snippet:-1","max-image-preview":"max-image-preview:large","max-video-preview":"max-video-preview:-1"},"canonical":"https:\/\/www.coulissesduchef.com\/site\/produit\/cours-de-cuisine-6-juin-2026\/","og_locale":"fr_FR","og_type":"article","og_title":"Cours de cuisine 6 juin 2026 - Cours de cuisine \u00e0 Paris","og_description":"D\u00e9couvrez\u00a0de nouvelles recettes avec notre s\u00e9lection de produits lors de nos ateliers, ou bien perfectionnez\u00a0vos bases en confectionnant des plats lors d'un menu complet. Avec d'autres\u00a0adultes, entre\u00a0amis, entre\u00a0coll\u00e8gues, en\u00a0famille, avec les\u00a0enfants, devenez de v\u00e9ritables chefs : pr\u00e9parez\u00a0un menu en cuisine, venez apprendre les bases lors de nos cours selon des th\u00e8mes pr\u00e9-d\u00e9finis :","og_url":"https:\/\/www.coulissesduchef.com\/site\/produit\/cours-de-cuisine-6-juin-2026\/","og_site_name":"Cours de cuisine \u00e0 Paris","article_modified_time":"2026-03-14T18:32:03+00:00","og_image":[{"width":1266,"height":1054,"url":"https:\/\/www.coulissesduchef.com\/site\/wp-content\/uploads\/2026\/02\/Capture-decran-2026-02-09-073233.jpg","type":"image\/jpeg"}],"twitter_card":"summary_large_image","twitter_misc":{"Dur\u00e9e de lecture estim\u00e9e":"1 minute"},"schema":{"@context":"https:\/\/schema.org","@graph":[{"@type":"WebPage","@id":"https:\/\/www.coulissesduchef.com\/site\/produit\/cours-de-cuisine-6-juin-2026\/","url":"https:\/\/www.coulissesduchef.com\/site\/produit\/cours-de-cuisine-6-juin-2026\/","name":"Cours de cuisine 6 juin 2026 - Cours de cuisine \u00e0 Paris","isPartOf":{"@id":"https:\/\/www.coulissesduchef.com\/site\/#website"},"primaryImageOfPage":{"@id":"https:\/\/www.coulissesduchef.com\/site\/produit\/cours-de-cuisine-6-juin-2026\/#primaryimage"},"image":{"@id":"https:\/\/www.coulissesduchef.com\/site\/produit\/cours-de-cuisine-6-juin-2026\/#primaryimage"},"thumbnailUrl":"https:\/\/www.coulissesduchef.com\/site\/wp-content\/uploads\/2026\/02\/Capture-decran-2026-02-09-073233.jpg","datePublished":"2026-02-09T06:30:52+00:00","dateModified":"2026-03-14T18:32:03+00:00","breadcrumb":{"@id":"https:\/\/www.coulissesduchef.com\/site\/produit\/cours-de-cuisine-6-juin-2026\/#breadcrumb"},"inLanguage":"fr-FR","potentialAction":[{"@type":"ReadAction","target":["https:\/\/www.coulissesduchef.com\/site\/produit\/cours-de-cuisine-6-juin-2026\/"]}]},{"@type":"ImageObject","inLanguage":"fr-FR","@id":"https:\/\/www.coulissesduchef.com\/site\/produit\/cours-de-cuisine-6-juin-2026\/#primaryimage","url":"https:\/\/www.coulissesduchef.com\/site\/wp-content\/uploads\/2026\/02\/Capture-decran-2026-02-09-073233.jpg","contentUrl":"https:\/\/www.coulissesduchef.com\/site\/wp-content\/uploads\/2026\/02\/Capture-decran-2026-02-09-073233.jpg","width":1266,"height":1054},{"@type":"BreadcrumbList","@id":"https:\/\/www.coulissesduchef.com\/site\/produit\/cours-de-cuisine-6-juin-2026\/#breadcrumb","itemListElement":[{"@type":"ListItem","position":1,"name":"Accueil","item":"https:\/\/www.coulissesduchef.com\/site\/"},{"@type":"ListItem","position":2,"name":"Boutique","item":"https:\/\/www.coulissesduchef.com\/site\/boutique\/"},{"@type":"ListItem","position":3,"name":"Cours de cuisine 6 juin 2026"}]},{"@type":"WebSite","@id":"https:\/\/www.coulissesduchef.com\/site\/#website","url":"https:\/\/www.coulissesduchef.com\/site\/","name":"Cours de cuisine \u00e0 Paris","description":"Atelier &amp; Cours de cuisine d&#039;Olivier Bert\u00e9 Paris","potentialAction":[{"@type":"SearchAction","target":{"@type":"EntryPoint","urlTemplate":"https:\/\/www.coulissesduchef.com\/site\/?s={search_term_string}"},"query-input":{"@type":"PropertyValueSpecification","valueRequired":true,"valueName":"search_term_string"}}],"inLanguage":"fr-FR"}]}},"_links":{"self":[{"href":"https:\/\/www.coulissesduchef.com\/site\/wp-json\/wp\/v2\/product\/2642","targetHints":{"allow":["GET"]}}],"collection":[{"href":"https:\/\/www.coulissesduchef.com\/site\/wp-json\/wp\/v2\/product"}],"about":[{"href":"https:\/\/www.coulissesduchef.com\/site\/wp-json\/wp\/v2\/types\/product"}],"wp:featuredmedia":[{"embeddable":true,"href":"https:\/\/www.coulissesduchef.com\/site\/wp-json\/wp\/v2\/media\/2643"}],"wp:attachment":[{"href":"https:\/\/www.coulissesduchef.com\/site\/wp-json\/wp\/v2\/media?parent=2642"}],"wp:term":[{"taxonomy":"product_brand","embeddable":true,"href":"https:\/\/www.coulissesduchef.com\/site\/wp-json\/wp\/v2\/product_brand?post=2642"},{"taxonomy":"product_cat","embeddable":true,"href":"https:\/\/www.coulissesduchef.com\/site\/wp-json\/wp\/v2\/product_cat?post=2642"},{"taxonomy":"product_tag","embeddable":true,"href":"https:\/\/www.coulissesduchef.com\/site\/wp-json\/wp\/v2\/product_tag?post=2642"}],"curies":[{"name":"wp","href":"https:\/\/api.w.org\/{rel}","templated":true}]}}