{"id":804,"date":"2014-05-13T10:16:00","date_gmt":"2014-05-13T09:16:00","guid":{"rendered":"http:\/\/www.coulissesduchef.com\/site\/?page_id=804"},"modified":"2024-08-22T08:09:01","modified_gmt":"2024-08-22T07:09:01","slug":"moleculaire","status":"publish","type":"page","link":"https:\/\/www.coulissesduchef.com\/site\/moleculaire\/","title":{"rendered":"ATELIERS MOLECULAIRE"},"content":{"rendered":"<p>[et_pb_section fb_built=\u00a0\u00bb1&Prime; admin_label=\u00a0\u00bbsection\u00a0\u00bb _builder_version=\u00a0\u00bb4.16&Prime; global_colors_info=\u00a0\u00bb{}\u00a0\u00bb][et_pb_row admin_label=\u00a0\u00bbrow\u00a0\u00bb _builder_version=\u00a0\u00bb4.16&Prime; background_size=\u00a0\u00bbinitial\u00a0\u00bb background_position=\u00a0\u00bbtop_left\u00a0\u00bb background_repeat=\u00a0\u00bbrepeat\u00a0\u00bb global_colors_info=\u00a0\u00bb{}\u00a0\u00bb][et_pb_column type=\u00a0\u00bb4_4&Prime; _builder_version=\u00a0\u00bb4.16&Prime; custom_padding=\u00a0\u00bb|||\u00a0\u00bb global_colors_info=\u00a0\u00bb{}\u00a0\u00bb custom_padding__hover=\u00a0\u00bb|||\u00a0\u00bb][et_pb_text admin_label=\u00a0\u00bbText\u00a0\u00bb _builder_version=\u00a0\u00bb4.16&Prime; background_size=\u00a0\u00bbinitial\u00a0\u00bb background_position=\u00a0\u00bbtop_left\u00a0\u00bb background_repeat=\u00a0\u00bbrepeat\u00a0\u00bb custom_padding=\u00a0\u00bb||180px|||\u00a0\u00bb global_colors_info=\u00a0\u00bb{}\u00a0\u00bb]<\/p>\n<p><span style=\"font-size: large;\"><div id=\"attachment_805\" style=\"width: 650px\" class=\"wp-caption aligncenter\"><a href=\"https:\/\/www.coulissesduchef.com\/site\/wp-content\/uploads\/2014\/05\/Boullabaisse-mol\u00e9culaire-640x438.jpg\"><img loading=\"lazy\" decoding=\"async\" aria-describedby=\"caption-attachment-805\" class=\"size-full wp-image-805\" alt=\"Bouillabaisse mol\u00e9culaire d'Olivier Bert\u00e9\" src=\"https:\/\/www.coulissesduchef.com\/site\/wp-content\/uploads\/2014\/05\/Boullabaisse-mol\u00e9culaire-640x438.jpg\" width=\"640\" height=\"438\" srcset=\"https:\/\/www.coulissesduchef.com\/site\/wp-content\/uploads\/2014\/05\/Boullabaisse-mol\u00e9culaire-640x438.jpg 640w, https:\/\/www.coulissesduchef.com\/site\/wp-content\/uploads\/2014\/05\/Boullabaisse-mol\u00e9culaire-640x438-600x411.jpg 600w, https:\/\/www.coulissesduchef.com\/site\/wp-content\/uploads\/2014\/05\/Boullabaisse-mol\u00e9culaire-640x438-300x205.jpg 300w\" sizes=\"(max-width: 640px) 100vw, 640px\" \/><\/a><p id=\"caption-attachment-805\" class=\"wp-caption-text\">Voici un exemple la \u00ab\u00a0Bouillabaisse Mol\u00e9culaire\u00a0\u00bb d&rsquo;Olivier Bert\u00e9.<\/p><\/div> <\/span><\/p>\n<p style=\"text-align: justify;\"><span style=\"font-size: large;\">La Cuisine Mol\u00e9culaire, une v\u00e9ritable r\u00e9volution culinaire !<\/span><\/p>\n<p style=\"text-align: justify;\"><span style=\"font-size: large;\">C&rsquo;est la recherche des m\u00e9canismes des ph\u00e9nom\u00e8nes qui surviennent lors des transformations culinaires, \u00e0 mi chemin entre la chimie et la cuisine.<\/span><\/p>\n<p style=\"text-align: justify;\"><span style=\"font-size: large;\">Le Chef Olivier Bert\u00e9 vous attend pour vous faire d\u00e9couvrir une cuisine innovante et originale dans une ambiance chaleureuse de son atelier.<\/span><\/p>\n<p style=\"text-align: justify;\"><span style=\"font-size: large;\">Des menus vous sont r\u00e9guli\u00e8rement propos\u00e9s voir notre AGENDA COURS MOLECULAIRE en ligne et r\u00e9server en payant en ligne.<\/span><\/p>\n<p style=\"text-align: justify;\"><span style=\"font-size: large;\">Les cours de cuisine Mol\u00e9culaire sont une id\u00e9e de cadeau original, voir dans LA BOUTIQUE, LES CHEQUES CADEAUX.<\/span><\/p>\n<p style=\"text-align: justify;\"><span style=\"font-size: large;\">Venez r\u00e9aliser vous-m\u00eame des recettes comme la bouillabaisse mol\u00e9culaire ci-dessus en photo!\u00a0Apprenez par des gestes simples \u00e0 effectuer un menu complet afin de le reproduire chez vous pour le plus grand plaisir de vos proches. Les Coulisses du Chef vous accueille pour vous enseigner l&rsquo;\u00e9mulsion, la floculation, la cuisson \u00e0 c\u0153ur, la convection, les effets tensio-actifs, travail au siphon, alginate etc&#8230; La cuisine \u00e0 l&rsquo;azote va vous \u00e9tonner !<\/span><\/p>\n<p style=\"text-align: justify;\"><span style=\"font-size: large;\">Nous vous attendons nombreux pour vivre une nouvelle exp\u00e9rience en mati\u00e8re de gastronomie !! Les Ateliers sont compos\u00e9s de 8 \u00e0 10 participants.<\/span><\/p>\n<ul>\n<li><span style=\"font-size: large;\"><span style=\"text-decoration: underline;\"><strong>Jours<\/strong>:<\/span>\u00a0les Vendredis et\/ou les \u00a0Samedis<\/span><\/li>\n<li><span style=\"font-size: large;\"><span style=\"text-decoration: underline;\"><strong>Dur\u00e9e du cours<\/strong><\/span>: 3 heures<\/span><\/li>\n<li><span style=\"font-size: large;\"><strong><span style=\"text-decoration: underline;\">Tarifs Adultes<\/span>:<\/strong> 1 cours \u00e0 100\u20ac<\/span><\/li>\n<li><span style=\"font-size: large;\"><strong><span style=\"text-decoration: underline;\">Lieu<\/span>:\u00a0<\/strong>Les Coulisses du Chef, 7 rue Paul Lelong \u00e0 Paris 2\u00e8me<\/span><\/li>\n<\/ul>\n<p style=\"text-align: justify;\">\n<p>[\/et_pb_text][\/et_pb_column][\/et_pb_row][\/et_pb_section]<\/p>\n","protected":false},"excerpt":{"rendered":"<p>La Cuisine Mol\u00e9culaire, une v\u00e9ritable r\u00e9volution culinaire ! C&rsquo;est la recherche des m\u00e9canismes des ph\u00e9nom\u00e8nes qui surviennent lors des transformations culinaires, \u00e0 mi chemin entre la chimie et la cuisine. Le Chef Olivier Bert\u00e9 vous attend pour vous faire d\u00e9couvrir une cuisine innovante et originale dans une ambiance chaleureuse de son atelier. Des menus vous [&hellip;]<\/p>\n","protected":false},"author":2,"featured_media":0,"parent":0,"menu_order":0,"comment_status":"closed","ping_status":"closed","template":"","meta":{"_et_pb_use_builder":"on","_et_pb_old_content":"[caption id=\"attachment_805\" align=\"aligncenter\" width=\"640\"]<a href=\"http:\/\/www.coulissesduchef.com\/site\/wp-content\/uploads\/2014\/05\/Boullabaisse-mol\u00e9culaire-640x438.jpg\"><img class=\"size-full wp-image-805\" alt=\"Bouillabaisse mol\u00e9culaire d'Olivier Bert\u00e9\" src=\"http:\/\/www.coulissesduchef.com\/site\/wp-content\/uploads\/2014\/05\/Boullabaisse-mol\u00e9culaire-640x438.jpg\" width=\"640\" height=\"438\" \/><\/a> Voici un exemple la \"Bouillabaisse Mol\u00e9culaire\" d'Olivier Bert\u00e9.[\/caption]\r\n<p style=\"text-align: justify;\">La Cuisine Mol\u00e9culaire, une v\u00e9ritable r\u00e9volution culinaire !<\/p>\r\n<p style=\"text-align: justify;\">C'est la recherche des m\u00e9canismes des ph\u00e9nom\u00e8nes qui surviennent lors des transformations culinaires, \u00e0 mi chemin entre la chimie et la cuisine.<\/p>\r\n<p style=\"text-align: justify;\">Le Chef Olivier Bert\u00e9 vous attend pour vous faire d\u00e9couvrir une cuisine innovante et originale dans une ambiance chaleureuse de son atelier.<\/p>\r\n<p style=\"text-align: justify;\">Des menus vous sont r\u00e9guli\u00e8rement propos\u00e9s voir notre AGENDA COURS MOLECULAIRE en ligne et r\u00e9server en payant en ligne.<\/p>\r\n<p style=\"text-align: justify;\">Les cours de cuisine Mol\u00e9culaire sont une id\u00e9e de cadeau original, voir dans LA BOUTIQUE, LES CHEQUES CADEAUX.<\/p>\r\n<p style=\"text-align: justify;\">Venez r\u00e9aliser vous-m\u00eame des recettes comme la bouillabaisse mol\u00e9culaire ci-dessus en photo!\u00a0Apprenez par des gestes simples \u00e0 effectuer un menu complet afin de le reproduire chez vous pour le plus grand plaisir de vos proches. Les Coulisses du Chef vous accueille pour vous enseigner l'\u00e9mulsion, la floculation, la cuisson \u00e0 c\u0153ur, la convection, les effets tensio-actifs, travail au siphon, alginate etc... La cuisine \u00e0 l'azote va vous \u00e9tonner !<\/p>\r\n<p style=\"text-align: justify;\">Nous vous attendons nombreux pour vivre une nouvelle exp\u00e9rience en mati\u00e8re de gastronomie !! Les Ateliers sont compos\u00e9s de 8 \u00e0 10 participants.<\/p>\r\n\r\n<ul>\r\n\t<li><span style=\"text-decoration: underline;\"><strong>Jours<\/strong>:<\/span>\u00a0les Vendredis et\/ou les \u00a0Samedis<\/li>\r\n\t<li><span style=\"text-decoration: underline;\"><strong>Dur\u00e9e du cours<\/strong><\/span>: 3 heures<\/li>\r\n\t<li><strong><span style=\"text-decoration: underline;\">Tarifs Adultes<\/span>:<\/strong> 1 cours \u00e0 100\u20ac<\/li>\r\n\t<li><strong><span style=\"text-decoration: underline;\">Lieu<\/span>:\u00a0<\/strong>Les Coulisses du Chef, 7 rue Paul Lelong \u00e0 Paris 2\u00e8me<\/li>\r\n<\/ul>\r\n<p style=\"text-align: justify;\"><\/p>","_et_gb_content_width":"","footnotes":""},"class_list":["post-804","page","type-page","status-publish","hentry"],"yoast_head":"<!-- This site is optimized with the Yoast SEO plugin v27.5 - https:\/\/yoast.com\/product\/yoast-seo-wordpress\/ -->\n<title>ATELIERS MOLECULAIRE - Cours de cuisine \u00e0 Paris<\/title>\n<meta name=\"robots\" content=\"index, follow, max-snippet:-1, max-image-preview:large, max-video-preview:-1\" \/>\n<link rel=\"canonical\" href=\"https:\/\/www.coulissesduchef.com\/site\/moleculaire\/\" \/>\n<meta property=\"og:locale\" content=\"fr_FR\" \/>\n<meta property=\"og:type\" content=\"article\" \/>\n<meta property=\"og:title\" content=\"ATELIERS MOLECULAIRE - Cours de cuisine \u00e0 Paris\" \/>\n<meta property=\"og:description\" content=\"La Cuisine Mol\u00e9culaire, une v\u00e9ritable r\u00e9volution culinaire ! C&#039;est la recherche des m\u00e9canismes des ph\u00e9nom\u00e8nes qui surviennent lors des transformations culinaires, \u00e0 mi chemin entre la chimie et la cuisine. Le Chef Olivier Bert\u00e9 vous attend pour vous faire d\u00e9couvrir une cuisine innovante et originale dans une ambiance chaleureuse de son atelier. Des menus vous [&hellip;]\" \/>\n<meta property=\"og:url\" content=\"https:\/\/www.coulissesduchef.com\/site\/moleculaire\/\" \/>\n<meta property=\"og:site_name\" content=\"Cours de cuisine \u00e0 Paris\" \/>\n<meta property=\"article:modified_time\" content=\"2024-08-22T07:09:01+00:00\" \/>\n<meta name=\"twitter:card\" content=\"summary_large_image\" \/>\n<meta name=\"twitter:label1\" content=\"Dur\u00e9e de lecture estim\u00e9e\" \/>\n\t<meta name=\"twitter:data1\" content=\"2 minutes\" \/>\n<script type=\"application\/ld+json\" class=\"yoast-schema-graph\">{\"@context\":\"https:\\\/\\\/schema.org\",\"@graph\":[{\"@type\":\"WebPage\",\"@id\":\"https:\\\/\\\/www.coulissesduchef.com\\\/site\\\/moleculaire\\\/\",\"url\":\"https:\\\/\\\/www.coulissesduchef.com\\\/site\\\/moleculaire\\\/\",\"name\":\"ATELIERS MOLECULAIRE - Cours de cuisine \u00e0 Paris\",\"isPartOf\":{\"@id\":\"https:\\\/\\\/www.coulissesduchef.com\\\/site\\\/#website\"},\"datePublished\":\"2014-05-13T09:16:00+00:00\",\"dateModified\":\"2024-08-22T07:09:01+00:00\",\"breadcrumb\":{\"@id\":\"https:\\\/\\\/www.coulissesduchef.com\\\/site\\\/moleculaire\\\/#breadcrumb\"},\"inLanguage\":\"fr-FR\",\"potentialAction\":[{\"@type\":\"ReadAction\",\"target\":[\"https:\\\/\\\/www.coulissesduchef.com\\\/site\\\/moleculaire\\\/\"]}]},{\"@type\":\"BreadcrumbList\",\"@id\":\"https:\\\/\\\/www.coulissesduchef.com\\\/site\\\/moleculaire\\\/#breadcrumb\",\"itemListElement\":[{\"@type\":\"ListItem\",\"position\":1,\"name\":\"Accueil\",\"item\":\"https:\\\/\\\/www.coulissesduchef.com\\\/site\\\/\"},{\"@type\":\"ListItem\",\"position\":2,\"name\":\"ATELIERS MOLECULAIRE\"}]},{\"@type\":\"WebSite\",\"@id\":\"https:\\\/\\\/www.coulissesduchef.com\\\/site\\\/#website\",\"url\":\"https:\\\/\\\/www.coulissesduchef.com\\\/site\\\/\",\"name\":\"Cours de cuisine \u00e0 Paris\",\"description\":\"Atelier &amp; Cours de cuisine d&#039;Olivier Bert\u00e9 Paris\",\"potentialAction\":[{\"@type\":\"SearchAction\",\"target\":{\"@type\":\"EntryPoint\",\"urlTemplate\":\"https:\\\/\\\/www.coulissesduchef.com\\\/site\\\/?s={search_term_string}\"},\"query-input\":{\"@type\":\"PropertyValueSpecification\",\"valueRequired\":true,\"valueName\":\"search_term_string\"}}],\"inLanguage\":\"fr-FR\"}]}<\/script>\n<!-- \/ Yoast SEO plugin. -->","yoast_head_json":{"title":"ATELIERS MOLECULAIRE - Cours de cuisine \u00e0 Paris","robots":{"index":"index","follow":"follow","max-snippet":"max-snippet:-1","max-image-preview":"max-image-preview:large","max-video-preview":"max-video-preview:-1"},"canonical":"https:\/\/www.coulissesduchef.com\/site\/moleculaire\/","og_locale":"fr_FR","og_type":"article","og_title":"ATELIERS MOLECULAIRE - Cours de cuisine \u00e0 Paris","og_description":"La Cuisine Mol\u00e9culaire, une v\u00e9ritable r\u00e9volution culinaire ! C'est la recherche des m\u00e9canismes des ph\u00e9nom\u00e8nes qui surviennent lors des transformations culinaires, \u00e0 mi chemin entre la chimie et la cuisine. Le Chef Olivier Bert\u00e9 vous attend pour vous faire d\u00e9couvrir une cuisine innovante et originale dans une ambiance chaleureuse de son atelier. Des menus vous [&hellip;]","og_url":"https:\/\/www.coulissesduchef.com\/site\/moleculaire\/","og_site_name":"Cours de cuisine \u00e0 Paris","article_modified_time":"2024-08-22T07:09:01+00:00","twitter_card":"summary_large_image","twitter_misc":{"Dur\u00e9e de lecture estim\u00e9e":"2 minutes"},"schema":{"@context":"https:\/\/schema.org","@graph":[{"@type":"WebPage","@id":"https:\/\/www.coulissesduchef.com\/site\/moleculaire\/","url":"https:\/\/www.coulissesduchef.com\/site\/moleculaire\/","name":"ATELIERS MOLECULAIRE - Cours de cuisine \u00e0 Paris","isPartOf":{"@id":"https:\/\/www.coulissesduchef.com\/site\/#website"},"datePublished":"2014-05-13T09:16:00+00:00","dateModified":"2024-08-22T07:09:01+00:00","breadcrumb":{"@id":"https:\/\/www.coulissesduchef.com\/site\/moleculaire\/#breadcrumb"},"inLanguage":"fr-FR","potentialAction":[{"@type":"ReadAction","target":["https:\/\/www.coulissesduchef.com\/site\/moleculaire\/"]}]},{"@type":"BreadcrumbList","@id":"https:\/\/www.coulissesduchef.com\/site\/moleculaire\/#breadcrumb","itemListElement":[{"@type":"ListItem","position":1,"name":"Accueil","item":"https:\/\/www.coulissesduchef.com\/site\/"},{"@type":"ListItem","position":2,"name":"ATELIERS MOLECULAIRE"}]},{"@type":"WebSite","@id":"https:\/\/www.coulissesduchef.com\/site\/#website","url":"https:\/\/www.coulissesduchef.com\/site\/","name":"Cours de cuisine \u00e0 Paris","description":"Atelier &amp; Cours de cuisine d&#039;Olivier Bert\u00e9 Paris","potentialAction":[{"@type":"SearchAction","target":{"@type":"EntryPoint","urlTemplate":"https:\/\/www.coulissesduchef.com\/site\/?s={search_term_string}"},"query-input":{"@type":"PropertyValueSpecification","valueRequired":true,"valueName":"search_term_string"}}],"inLanguage":"fr-FR"}]}},"_links":{"self":[{"href":"https:\/\/www.coulissesduchef.com\/site\/wp-json\/wp\/v2\/pages\/804","targetHints":{"allow":["GET"]}}],"collection":[{"href":"https:\/\/www.coulissesduchef.com\/site\/wp-json\/wp\/v2\/pages"}],"about":[{"href":"https:\/\/www.coulissesduchef.com\/site\/wp-json\/wp\/v2\/types\/page"}],"author":[{"embeddable":true,"href":"https:\/\/www.coulissesduchef.com\/site\/wp-json\/wp\/v2\/users\/2"}],"replies":[{"embeddable":true,"href":"https:\/\/www.coulissesduchef.com\/site\/wp-json\/wp\/v2\/comments?post=804"}],"version-history":[{"count":0,"href":"https:\/\/www.coulissesduchef.com\/site\/wp-json\/wp\/v2\/pages\/804\/revisions"}],"wp:attachment":[{"href":"https:\/\/www.coulissesduchef.com\/site\/wp-json\/wp\/v2\/media?parent=804"}],"curies":[{"name":"wp","href":"https:\/\/api.w.org\/{rel}","templated":true}]}}