{"id":64,"date":"2012-07-10T16:31:20","date_gmt":"2012-07-10T15:31:20","guid":{"rendered":"http:\/\/www.coulissesduchef.com\/site\/?page_id=64"},"modified":"2016-01-05T11:18:13","modified_gmt":"2016-01-05T10:18:13","slug":"team-building","status":"publish","type":"page","link":"https:\/\/www.coulissesduchef.com\/site\/team-building\/","title":{"rendered":"TEAM BUILDING"},"content":{"rendered":"<h4 style=\"text-align: justify;\"><a href=\"https:\/\/www.coulissesduchef.com\/site\/wp-content\/uploads\/2012\/07\/slide-gourmande1.png\"><img loading=\"lazy\" decoding=\"async\" class=\"alignnone size-medium wp-image-1175\" src=\"https:\/\/www.coulissesduchef.com\/site\/wp-content\/uploads\/2012\/07\/slide-gourmande1-300x80.png\" alt=\"slide gourmande1\" width=\"300\" height=\"80\" srcset=\"https:\/\/www.coulissesduchef.com\/site\/wp-content\/uploads\/2012\/07\/slide-gourmande1-300x80.png 300w, https:\/\/www.coulissesduchef.com\/site\/wp-content\/uploads\/2012\/07\/slide-gourmande1-600x162.png 600w, https:\/\/www.coulissesduchef.com\/site\/wp-content\/uploads\/2012\/07\/slide-gourmande1-680x183.png 680w, https:\/\/www.coulissesduchef.com\/site\/wp-content\/uploads\/2012\/07\/slide-gourmande1.png 780w\" sizes=\"(max-width: 300px) 100vw, 300px\" \/><\/a><\/h4>\n<h4 style=\"text-align: justify;\"><span style=\"color: #ffffff;\"><b style=\"font-size: 1em;\"><span style=\"text-decoration: underline;\">FORMULE DEJEUNER : a partir de 10h00 jusqu&rsquo;a 14h00<\/span><\/b><\/span><\/h4>\n<ul>\n<li>Caf\u00e9 d\u2019accueil (caf\u00e9, th\u00e9, jus de fruits et viennoiseries)<\/li>\n<li>Cours de cuisine d&rsquo;un menu complet<\/li>\n<li>D\u00e9gustation sur place \u00a0des mets r\u00e9alis\u00e9s<\/li>\n<li><strong>Les boissons<\/strong>\u00a0associ\u00e9es au repas sont comprises: eaux plates et gazeuses, ainsi que des vins en accord avec les mets pr\u00e9par\u00e9s (ros\u00e9, blanc et rouge)<\/li>\n<\/ul>\n<h4><span style=\"text-decoration: underline; color: #ffffff;\"><strong>FORMULE GOUTER : a partir de 15h00 jusqu&rsquo;a 17h30<\/strong><\/span><\/h4>\n<ul>\n<li>Atelier p\u00e2tisserie \u00a02 confections ex: Macarons et Moelleux au chocolat avec sa cr\u00e8me caramel<\/li>\n<li>D\u00e9gustation sur place du moelleux accompagn\u00e9 de th\u00e9, caf\u00e9 et jus de fruits<\/li>\n<li>Macarons sont \u00e0 emporter<\/li>\n<\/ul>\n<h4><span style=\"color: #ffffff;\"><b><span style=\"text-decoration: underline;\">FORMULE DINER : a partir de 18h00 jusqu&rsquo;a 22h30<\/span><\/b><\/span><\/h4>\n<ul>\n<li>Ap\u00e9ritif d\u2019accueil accompagn\u00e9 de toast (kir, vin ros\u00e9, vin blanc, champagne, cocktail&#8230;)<\/li>\n<li>Cours de cuisine d&rsquo;un menu complet<\/li>\n<li>D\u00e9gustation sur place \u00a0des mets r\u00e9alis\u00e9s<\/li>\n<li><strong>Les boissons<\/strong>\u00a0associ\u00e9es au repas sont comprises: eaux plates et gazeuses, ainsi que des vins en accord avec les mets pr\u00e9par\u00e9s (ros\u00e9, blanc et rouge)<\/li>\n<\/ul>\n<h4><span style=\"color: #ffffff;\"><strong style=\"font-size: 1em; line-height: 1.5em;\">OPTIONS : des animations peuvent agrementer votre evenement<\/strong><\/span><\/h4>\n<ul>\n<li>cours d\u2019\u0153nologie<\/li>\n<li>accord Vins et Fromages<\/li>\n<li>d\u00e9gustation chocolat<\/li>\n<li>Quizz Vins et Fromage, suivi de d\u00e9gustations<\/li>\n<\/ul>\n<p>&nbsp;<\/p>\n<p>Le Chef vous propose un large choix de menu parmi les entr\u00e9es, les plats et les desserts, vous choisissez un seul menu identique pour tous (une entr\u00e9e, un plat et un dessert).<\/p>\n<p>La cuisine a toujours \u00e9t\u00e9 un lieu de rencontres et de partage. Elle permet de faire tomber les barri\u00e8res hi\u00e9rarchiques, de se voir et de voir ses collaborateurs sous un nouveau jour.\u00a0L&rsquo;esprit d&rsquo;\u00e9quipe, la coh\u00e9sion, la rigueur, autant de valeurs \u00e0 mettre en avant pour la r\u00e9alisation d&rsquo;un objectif commun, d&rsquo;une oeuvre collective:\u00a0<strong>LE MENU, un menu identique pour tous<\/strong>. Visionnez la galerie photo des r\u00e9alisations dans \u00ab\u00a0<strong>PHOTOS<\/strong>\u00ab\u00a0.\u00a0Partagez un moment de plaisir avec vos collaborateurs, vos clients ou vos partenaires en privatisant l&rsquo;un de nos ateliers.Valorisez un \u00e9v\u00e9nement particulier (lancement de produit, anniversaire, d\u00e9part en retraite, etc) avec une prestation inoubliable!<\/p>\n<p>Notre planning est ouvert \u00e0 toute demande du lundi au samedi. Nous attendons votre demande de devis!<\/p>\n<hr \/>\n<p style=\"text-align: justify;\"><strong><span style=\"text-decoration: underline;\">Nos lieux:<\/span><br \/>\n<\/strong><\/p>\n<ul>\n<li><strong>Paris 2<sup>\u00e8me <\/sup><\/strong>LES COULISSES DU CHEF : \u00a0jusqu&rsquo;\u00e0 20 participants (Tarifs entreprises formule dejeuner ou diner: 90\u20ac HT\/personne)<\/li>\n<li><strong>Paris 12<\/strong><sup><strong>\u00e8me<\/strong>\u00a0<\/sup>: de 20 \u00e0 25 participants- (Tarif sur devis)<\/li>\n<li><strong>Autres partenariats:<\/strong>\u00a0Tarif sur devis<\/li>\n<li><strong>Ch\u00e2teau de Breteuil<\/strong> et ses \u00e9curies : de 20 \u00e0 100 participants\u00a0&#8211; (Tarif sur devis)<\/li>\n<li><strong>Bateau-P\u00e9niche \u00e0 Paris<\/strong>\u00a0: de 50 \u00e0 110 participants- (Tarif sur devis)<\/li>\n<li>+ de 100 participants, nous vous proposons des<strong> \u00e9tablissements adapt\u00e9s<\/strong>&#8211; (Tarif sur devis)<\/li>\n<\/ul>\n<p style=\"text-align: justify;\"><strong>\u00a0<\/strong><\/p>\n<hr \/>\n","protected":false},"excerpt":{"rendered":"<p>FORMULE DEJEUNER : a partir de 10h00 jusqu&rsquo;a 14h00 Caf\u00e9 d\u2019accueil (caf\u00e9, th\u00e9, jus de fruits et viennoiseries) Cours de cuisine d&rsquo;un menu complet D\u00e9gustation sur place \u00a0des mets r\u00e9alis\u00e9s Les boissons\u00a0associ\u00e9es au repas sont comprises: eaux plates et gazeuses, ainsi que des vins en accord avec les mets pr\u00e9par\u00e9s (ros\u00e9, blanc et rouge) FORMULE [&hellip;]<\/p>\n","protected":false},"author":2,"featured_media":0,"parent":0,"menu_order":0,"comment_status":"closed","ping_status":"closed","template":"colorbox.php","meta":{"_et_pb_use_builder":"","_et_pb_old_content":"","_et_gb_content_width":"","footnotes":""},"class_list":["post-64","page","type-page","status-publish","hentry"],"yoast_head":"<!-- This site is optimized with the Yoast SEO plugin v27.5 - https:\/\/yoast.com\/product\/yoast-seo-wordpress\/ -->\n<title>TEAM BUILDING - Cours de cuisine \u00e0 Paris<\/title>\n<meta name=\"robots\" content=\"index, follow, max-snippet:-1, max-image-preview:large, max-video-preview:-1\" \/>\n<link rel=\"canonical\" href=\"https:\/\/www.coulissesduchef.com\/site\/team-building\/\" \/>\n<meta property=\"og:locale\" content=\"fr_FR\" \/>\n<meta property=\"og:type\" content=\"article\" \/>\n<meta property=\"og:title\" content=\"TEAM BUILDING - Cours de cuisine \u00e0 Paris\" \/>\n<meta property=\"og:description\" content=\"FORMULE DEJEUNER : a partir de 10h00 jusqu&rsquo;a 14h00 Caf\u00e9 d\u2019accueil (caf\u00e9, th\u00e9, jus de fruits et viennoiseries) Cours de cuisine d&rsquo;un menu complet D\u00e9gustation sur place \u00a0des mets r\u00e9alis\u00e9s Les boissons\u00a0associ\u00e9es au repas sont comprises: eaux plates et gazeuses, ainsi que des vins en accord avec les mets pr\u00e9par\u00e9s (ros\u00e9, blanc et rouge) FORMULE [&hellip;]\" \/>\n<meta property=\"og:url\" content=\"https:\/\/www.coulissesduchef.com\/site\/team-building\/\" \/>\n<meta property=\"og:site_name\" content=\"Cours de cuisine \u00e0 Paris\" \/>\n<meta property=\"article:modified_time\" content=\"2016-01-05T10:18:13+00:00\" \/>\n<meta property=\"og:image\" content=\"http:\/\/www.coulissesduchef.com\/site\/wp-content\/uploads\/2012\/07\/slide-gourmande1-300x80.png\" \/>\n<meta name=\"twitter:card\" content=\"summary_large_image\" \/>\n<meta name=\"twitter:label1\" content=\"Dur\u00e9e de lecture estim\u00e9e\" \/>\n\t<meta name=\"twitter:data1\" content=\"2 minutes\" \/>\n<script type=\"application\/ld+json\" class=\"yoast-schema-graph\">{\"@context\":\"https:\\\/\\\/schema.org\",\"@graph\":[{\"@type\":\"WebPage\",\"@id\":\"https:\\\/\\\/www.coulissesduchef.com\\\/site\\\/team-building\\\/\",\"url\":\"https:\\\/\\\/www.coulissesduchef.com\\\/site\\\/team-building\\\/\",\"name\":\"TEAM BUILDING - Cours de cuisine \u00e0 Paris\",\"isPartOf\":{\"@id\":\"https:\\\/\\\/www.coulissesduchef.com\\\/site\\\/#website\"},\"primaryImageOfPage\":{\"@id\":\"https:\\\/\\\/www.coulissesduchef.com\\\/site\\\/team-building\\\/#primaryimage\"},\"image\":{\"@id\":\"https:\\\/\\\/www.coulissesduchef.com\\\/site\\\/team-building\\\/#primaryimage\"},\"thumbnailUrl\":\"http:\\\/\\\/www.coulissesduchef.com\\\/site\\\/wp-content\\\/uploads\\\/2012\\\/07\\\/slide-gourmande1-300x80.png\",\"datePublished\":\"2012-07-10T15:31:20+00:00\",\"dateModified\":\"2016-01-05T10:18:13+00:00\",\"breadcrumb\":{\"@id\":\"https:\\\/\\\/www.coulissesduchef.com\\\/site\\\/team-building\\\/#breadcrumb\"},\"inLanguage\":\"fr-FR\",\"potentialAction\":[{\"@type\":\"ReadAction\",\"target\":[\"https:\\\/\\\/www.coulissesduchef.com\\\/site\\\/team-building\\\/\"]}]},{\"@type\":\"ImageObject\",\"inLanguage\":\"fr-FR\",\"@id\":\"https:\\\/\\\/www.coulissesduchef.com\\\/site\\\/team-building\\\/#primaryimage\",\"url\":\"https:\\\/\\\/www.coulissesduchef.com\\\/site\\\/wp-content\\\/uploads\\\/2012\\\/07\\\/slide-gourmande1.png\",\"contentUrl\":\"https:\\\/\\\/www.coulissesduchef.com\\\/site\\\/wp-content\\\/uploads\\\/2012\\\/07\\\/slide-gourmande1.png\",\"width\":780,\"height\":210},{\"@type\":\"BreadcrumbList\",\"@id\":\"https:\\\/\\\/www.coulissesduchef.com\\\/site\\\/team-building\\\/#breadcrumb\",\"itemListElement\":[{\"@type\":\"ListItem\",\"position\":1,\"name\":\"Accueil\",\"item\":\"https:\\\/\\\/www.coulissesduchef.com\\\/site\\\/\"},{\"@type\":\"ListItem\",\"position\":2,\"name\":\"TEAM BUILDING\"}]},{\"@type\":\"WebSite\",\"@id\":\"https:\\\/\\\/www.coulissesduchef.com\\\/site\\\/#website\",\"url\":\"https:\\\/\\\/www.coulissesduchef.com\\\/site\\\/\",\"name\":\"Cours de cuisine \u00e0 Paris\",\"description\":\"Atelier &amp; Cours de cuisine d&#039;Olivier Bert\u00e9 Paris\",\"potentialAction\":[{\"@type\":\"SearchAction\",\"target\":{\"@type\":\"EntryPoint\",\"urlTemplate\":\"https:\\\/\\\/www.coulissesduchef.com\\\/site\\\/?s={search_term_string}\"},\"query-input\":{\"@type\":\"PropertyValueSpecification\",\"valueRequired\":true,\"valueName\":\"search_term_string\"}}],\"inLanguage\":\"fr-FR\"}]}<\/script>\n<!-- \/ Yoast SEO plugin. -->","yoast_head_json":{"title":"TEAM BUILDING - Cours de cuisine \u00e0 Paris","robots":{"index":"index","follow":"follow","max-snippet":"max-snippet:-1","max-image-preview":"max-image-preview:large","max-video-preview":"max-video-preview:-1"},"canonical":"https:\/\/www.coulissesduchef.com\/site\/team-building\/","og_locale":"fr_FR","og_type":"article","og_title":"TEAM BUILDING - Cours de cuisine \u00e0 Paris","og_description":"FORMULE DEJEUNER : a partir de 10h00 jusqu&rsquo;a 14h00 Caf\u00e9 d\u2019accueil (caf\u00e9, th\u00e9, jus de fruits et viennoiseries) Cours de cuisine d&rsquo;un menu complet D\u00e9gustation sur place \u00a0des mets r\u00e9alis\u00e9s Les boissons\u00a0associ\u00e9es au repas sont comprises: eaux plates et gazeuses, ainsi que des vins en accord avec les mets pr\u00e9par\u00e9s (ros\u00e9, blanc et rouge) FORMULE [&hellip;]","og_url":"https:\/\/www.coulissesduchef.com\/site\/team-building\/","og_site_name":"Cours de cuisine \u00e0 Paris","article_modified_time":"2016-01-05T10:18:13+00:00","og_image":[{"url":"http:\/\/www.coulissesduchef.com\/site\/wp-content\/uploads\/2012\/07\/slide-gourmande1-300x80.png","type":"","width":"","height":""}],"twitter_card":"summary_large_image","twitter_misc":{"Dur\u00e9e de lecture estim\u00e9e":"2 minutes"},"schema":{"@context":"https:\/\/schema.org","@graph":[{"@type":"WebPage","@id":"https:\/\/www.coulissesduchef.com\/site\/team-building\/","url":"https:\/\/www.coulissesduchef.com\/site\/team-building\/","name":"TEAM BUILDING - Cours de cuisine \u00e0 Paris","isPartOf":{"@id":"https:\/\/www.coulissesduchef.com\/site\/#website"},"primaryImageOfPage":{"@id":"https:\/\/www.coulissesduchef.com\/site\/team-building\/#primaryimage"},"image":{"@id":"https:\/\/www.coulissesduchef.com\/site\/team-building\/#primaryimage"},"thumbnailUrl":"http:\/\/www.coulissesduchef.com\/site\/wp-content\/uploads\/2012\/07\/slide-gourmande1-300x80.png","datePublished":"2012-07-10T15:31:20+00:00","dateModified":"2016-01-05T10:18:13+00:00","breadcrumb":{"@id":"https:\/\/www.coulissesduchef.com\/site\/team-building\/#breadcrumb"},"inLanguage":"fr-FR","potentialAction":[{"@type":"ReadAction","target":["https:\/\/www.coulissesduchef.com\/site\/team-building\/"]}]},{"@type":"ImageObject","inLanguage":"fr-FR","@id":"https:\/\/www.coulissesduchef.com\/site\/team-building\/#primaryimage","url":"https:\/\/www.coulissesduchef.com\/site\/wp-content\/uploads\/2012\/07\/slide-gourmande1.png","contentUrl":"https:\/\/www.coulissesduchef.com\/site\/wp-content\/uploads\/2012\/07\/slide-gourmande1.png","width":780,"height":210},{"@type":"BreadcrumbList","@id":"https:\/\/www.coulissesduchef.com\/site\/team-building\/#breadcrumb","itemListElement":[{"@type":"ListItem","position":1,"name":"Accueil","item":"https:\/\/www.coulissesduchef.com\/site\/"},{"@type":"ListItem","position":2,"name":"TEAM BUILDING"}]},{"@type":"WebSite","@id":"https:\/\/www.coulissesduchef.com\/site\/#website","url":"https:\/\/www.coulissesduchef.com\/site\/","name":"Cours de cuisine \u00e0 Paris","description":"Atelier &amp; Cours de cuisine d&#039;Olivier Bert\u00e9 Paris","potentialAction":[{"@type":"SearchAction","target":{"@type":"EntryPoint","urlTemplate":"https:\/\/www.coulissesduchef.com\/site\/?s={search_term_string}"},"query-input":{"@type":"PropertyValueSpecification","valueRequired":true,"valueName":"search_term_string"}}],"inLanguage":"fr-FR"}]}},"_links":{"self":[{"href":"https:\/\/www.coulissesduchef.com\/site\/wp-json\/wp\/v2\/pages\/64","targetHints":{"allow":["GET"]}}],"collection":[{"href":"https:\/\/www.coulissesduchef.com\/site\/wp-json\/wp\/v2\/pages"}],"about":[{"href":"https:\/\/www.coulissesduchef.com\/site\/wp-json\/wp\/v2\/types\/page"}],"author":[{"embeddable":true,"href":"https:\/\/www.coulissesduchef.com\/site\/wp-json\/wp\/v2\/users\/2"}],"replies":[{"embeddable":true,"href":"https:\/\/www.coulissesduchef.com\/site\/wp-json\/wp\/v2\/comments?post=64"}],"version-history":[{"count":0,"href":"https:\/\/www.coulissesduchef.com\/site\/wp-json\/wp\/v2\/pages\/64\/revisions"}],"wp:attachment":[{"href":"https:\/\/www.coulissesduchef.com\/site\/wp-json\/wp\/v2\/media?parent=64"}],"curies":[{"name":"wp","href":"https:\/\/api.w.org\/{rel}","templated":true}]}}