{"id":46,"date":"2012-07-10T16:27:10","date_gmt":"2012-07-10T15:27:10","guid":{"rendered":"http:\/\/www.coulissesduchef.com\/site\/?page_id=46"},"modified":"2026-04-09T16:24:34","modified_gmt":"2026-04-09T15:24:34","slug":"contact","status":"publish","type":"page","link":"https:\/\/www.coulissesduchef.com\/site\/contact\/","title":{"rendered":"CONTACT"},"content":{"rendered":"<p>[et_pb_section fb_built=\u00a0\u00bb1&Prime; _builder_version=\u00a0\u00bb4.16&Prime; custom_padding=\u00a0\u00bb49px|||||\u00a0\u00bb global_colors_info=\u00a0\u00bb{}\u00a0\u00bb][et_pb_row _builder_version=\u00a0\u00bb4.27.5&Prime; _module_preset=\u00a0\u00bbdefault\u00a0\u00bb global_colors_info=\u00a0\u00bb{}\u00a0\u00bb][et_pb_column type=\u00a0\u00bb4_4&Prime; _builder_version=\u00a0\u00bb4.27.5&Prime; _module_preset=\u00a0\u00bbdefault\u00a0\u00bb global_colors_info=\u00a0\u00bb{}\u00a0\u00bb][et_pb_heading title=\u00a0\u00bbFormulaire de contact\u00a0\u00bb _builder_version=\u00a0\u00bb4.27.5&Prime; _module_preset=\u00a0\u00bbdefault\u00a0\u00bb title_font=\u00a0\u00bb|600|||||||\u00a0\u00bb global_colors_info=\u00a0\u00bb{}\u00a0\u00bb][\/et_pb_heading][\/et_pb_column][\/et_pb_row][et_pb_row _builder_version=\u00a0\u00bb4.16&Prime; background_size=\u00a0\u00bbinitial\u00a0\u00bb background_position=\u00a0\u00bbtop_left\u00a0\u00bb background_repeat=\u00a0\u00bbrepeat\u00a0\u00bb global_colors_info=\u00a0\u00bb{}\u00a0\u00bb][et_pb_column type=\u00a0\u00bb4_4&Prime; _builder_version=\u00a0\u00bb4.16&Prime; custom_padding=\u00a0\u00bb|||\u00a0\u00bb global_colors_info=\u00a0\u00bb{}\u00a0\u00bb custom_padding__hover=\u00a0\u00bb|||\u00a0\u00bb][et_pb_text _builder_version=\u00a0\u00bb4.27.0&Prime; background_size=\u00a0\u00bbinitial\u00a0\u00bb background_position=\u00a0\u00bbtop_left\u00a0\u00bb background_repeat=\u00a0\u00bbrepeat\u00a0\u00bb global_colors_info=\u00a0\u00bb{}\u00a0\u00bb]<\/p>\n<h4><span style=\"font-size: large;\">Si vous souhaitez nous poser une question, nous vous invitons \u00e0 remplir le formulaire de contact ci-dessous.<a href=\"https:\/\/www.coulissesduchef.com\/site\/wp-content\/uploads\/2015\/03\/Et\u00e9-2014-208-480x640.jpg\"><img loading=\"lazy\" decoding=\"async\" src=\"https:\/\/www.coulissesduchef.com\/site\/wp-content\/uploads\/2015\/03\/Et\u00e9-2014-208-480x640.jpg\" width=\"336\" height=\"448\" alt=\"\" class=\"wp-image-1462 alignnone size-full\" style=\"float: right;\" srcset=\"https:\/\/www.coulissesduchef.com\/site\/wp-content\/uploads\/2015\/03\/Et\u00e9-2014-208-480x640.jpg 480w, https:\/\/www.coulissesduchef.com\/site\/wp-content\/uploads\/2015\/03\/Et\u00e9-2014-208-480x640-225x300.jpg 225w\" sizes=\"(max-width: 336px) 100vw, 336px\" \/><\/a><span style=\"line-height: 1.5em;\"><\/span><\/span><\/h4>\n<div class=\"et-fb-loader\" style=\"position: relative; margin-bottom: 40px;\"><\/div>\n<div>\n<h4><span style=\"font-size: large;\">NOUS CONTACTER<\/span><\/h4>\n<p><span style=\"line-height: 1.5em; font-size: large;\">T\u00e9l : 00 33 1 40 26 14 00<\/span><\/p>\n<p><span style=\"line-height: 1.5em; font-size: large;\">olivier.berte@coursdecuisineparis.com<\/span><\/p>\n<p><span style=\"line-height: 1.5em; font-size: large;\">7 rue Paul Lelong, 75002 Paris<\/span><\/p>\n<p><a href=\"https:\/\/www.coulissesduchef.com\/site\/mentions-legales\/\">MENTIONS LEGALES<\/a><span style=\"line-height: 1.5em; font-size: large;\"><\/span><\/p>\n<p><span style=\"line-height: 1.5em; font-size: large;\"><\/span><\/p>\n<\/div>\n<p>[\/et_pb_text][et_pb_contact_form _builder_version=\u00a0\u00bb4.27.5&Prime; _module_preset=\u00a0\u00bbdefault\u00a0\u00bb _unique_id=\u00a0\u00bbde92c64b-22df-4497-ad19-7fa6e60cbeb5&Prime; hover_enabled=\u00a0\u00bb0&Prime; sticky_enabled=\u00a0\u00bb0&Prime; custom_padding=\u00a0\u00bb|390px||||\u00a0\u00bb][et_pb_contact_field field_id=\u00a0\u00bbNom\u00a0\u00bb field_title=\u00a0\u00bbNom\u00a0\u00bb _builder_version=\u00a0\u00bb4.27.5&Prime; hover_enabled=\u00a0\u00bb0&Prime; global_colors_info=\u00a0\u00bb{}\u00a0\u00bb button_text_size__hover_enabled=\u00a0\u00bboff\u00a0\u00bb button_one_text_size__hover_enabled=\u00a0\u00bboff\u00a0\u00bb button_two_text_size__hover_enabled=\u00a0\u00bboff\u00a0\u00bb button_text_color__hover_enabled=\u00a0\u00bboff\u00a0\u00bb button_one_text_color__hover_enabled=\u00a0\u00bboff\u00a0\u00bb button_two_text_color__hover_enabled=\u00a0\u00bboff\u00a0\u00bb button_border_width__hover_enabled=\u00a0\u00bboff\u00a0\u00bb button_one_border_width__hover_enabled=\u00a0\u00bboff\u00a0\u00bb button_two_border_width__hover_enabled=\u00a0\u00bboff\u00a0\u00bb button_border_color__hover_enabled=\u00a0\u00bboff\u00a0\u00bb button_one_border_color__hover_enabled=\u00a0\u00bboff\u00a0\u00bb button_two_border_color__hover_enabled=\u00a0\u00bboff\u00a0\u00bb button_border_radius__hover_enabled=\u00a0\u00bboff\u00a0\u00bb button_one_border_radius__hover_enabled=\u00a0\u00bboff\u00a0\u00bb button_two_border_radius__hover_enabled=\u00a0\u00bboff\u00a0\u00bb button_letter_spacing__hover_enabled=\u00a0\u00bboff\u00a0\u00bb button_one_letter_spacing__hover_enabled=\u00a0\u00bboff\u00a0\u00bb button_two_letter_spacing__hover_enabled=\u00a0\u00bboff\u00a0\u00bb button_bg_color__hover_enabled=\u00a0\u00bboff\u00a0\u00bb button_one_bg_color__hover_enabled=\u00a0\u00bboff\u00a0\u00bb button_two_bg_color__hover_enabled=\u00a0\u00bboff\u00a0\u00bb sticky_enabled=\u00a0\u00bb0&Prime;][\/et_pb_contact_field][et_pb_contact_field field_id=\u00a0\u00bbEmail\u00a0\u00bb field_title=\u00a0\u00bbAdresse e-mail\u00a0\u00bb field_type=\u00a0\u00bbemail\u00a0\u00bb _builder_version=\u00a0\u00bb4.16&Prime; global_colors_info=\u00a0\u00bb{}\u00a0\u00bb button_text_size__hover_enabled=\u00a0\u00bboff\u00a0\u00bb button_one_text_size__hover_enabled=\u00a0\u00bboff\u00a0\u00bb button_two_text_size__hover_enabled=\u00a0\u00bboff\u00a0\u00bb button_text_color__hover_enabled=\u00a0\u00bboff\u00a0\u00bb button_one_text_color__hover_enabled=\u00a0\u00bboff\u00a0\u00bb button_two_text_color__hover_enabled=\u00a0\u00bboff\u00a0\u00bb button_border_width__hover_enabled=\u00a0\u00bboff\u00a0\u00bb button_one_border_width__hover_enabled=\u00a0\u00bboff\u00a0\u00bb button_two_border_width__hover_enabled=\u00a0\u00bboff\u00a0\u00bb button_border_color__hover_enabled=\u00a0\u00bboff\u00a0\u00bb button_one_border_color__hover_enabled=\u00a0\u00bboff\u00a0\u00bb button_two_border_color__hover_enabled=\u00a0\u00bboff\u00a0\u00bb button_border_radius__hover_enabled=\u00a0\u00bboff\u00a0\u00bb button_one_border_radius__hover_enabled=\u00a0\u00bboff\u00a0\u00bb button_two_border_radius__hover_enabled=\u00a0\u00bboff\u00a0\u00bb button_letter_spacing__hover_enabled=\u00a0\u00bboff\u00a0\u00bb button_one_letter_spacing__hover_enabled=\u00a0\u00bboff\u00a0\u00bb button_two_letter_spacing__hover_enabled=\u00a0\u00bboff\u00a0\u00bb button_bg_color__hover_enabled=\u00a0\u00bboff\u00a0\u00bb button_one_bg_color__hover_enabled=\u00a0\u00bboff\u00a0\u00bb button_two_bg_color__hover_enabled=\u00a0\u00bboff\u00a0\u00bb][\/et_pb_contact_field][et_pb_contact_field field_id=\u00a0\u00bbT\u00e9l\u00e9phone\u00a0\u00bb field_title=\u00a0\u00bbT\u00e9l\u00e9phone\u00a0\u00bb field_type=\u00a0\u00bbemail\u00a0\u00bb _builder_version=\u00a0\u00bb4.27.5&Prime; hover_enabled=\u00a0\u00bb0&Prime; global_colors_info=\u00a0\u00bb{}\u00a0\u00bb button_text_size__hover_enabled=\u00a0\u00bboff\u00a0\u00bb button_one_text_size__hover_enabled=\u00a0\u00bboff\u00a0\u00bb button_two_text_size__hover_enabled=\u00a0\u00bboff\u00a0\u00bb button_text_color__hover_enabled=\u00a0\u00bboff\u00a0\u00bb button_one_text_color__hover_enabled=\u00a0\u00bboff\u00a0\u00bb button_two_text_color__hover_enabled=\u00a0\u00bboff\u00a0\u00bb button_border_width__hover_enabled=\u00a0\u00bboff\u00a0\u00bb button_one_border_width__hover_enabled=\u00a0\u00bboff\u00a0\u00bb button_two_border_width__hover_enabled=\u00a0\u00bboff\u00a0\u00bb button_border_color__hover_enabled=\u00a0\u00bboff\u00a0\u00bb button_one_border_color__hover_enabled=\u00a0\u00bboff\u00a0\u00bb button_two_border_color__hover_enabled=\u00a0\u00bboff\u00a0\u00bb button_border_radius__hover_enabled=\u00a0\u00bboff\u00a0\u00bb button_one_border_radius__hover_enabled=\u00a0\u00bboff\u00a0\u00bb button_two_border_radius__hover_enabled=\u00a0\u00bboff\u00a0\u00bb button_letter_spacing__hover_enabled=\u00a0\u00bboff\u00a0\u00bb button_one_letter_spacing__hover_enabled=\u00a0\u00bboff\u00a0\u00bb button_two_letter_spacing__hover_enabled=\u00a0\u00bboff\u00a0\u00bb button_bg_color__hover_enabled=\u00a0\u00bboff\u00a0\u00bb button_one_bg_color__hover_enabled=\u00a0\u00bboff\u00a0\u00bb button_two_bg_color__hover_enabled=\u00a0\u00bboff\u00a0\u00bb sticky_enabled=\u00a0\u00bb0&Prime;][\/et_pb_contact_field][et_pb_contact_field field_id=\u00a0\u00bbMessage\u00a0\u00bb field_title=\u00a0\u00bbMessage\u00a0\u00bb field_type=\u00a0\u00bbtext\u00a0\u00bb fullwidth_field=\u00a0\u00bbon\u00a0\u00bb _builder_version=\u00a0\u00bb4.16&Prime; global_colors_info=\u00a0\u00bb{}\u00a0\u00bb button_text_size__hover_enabled=\u00a0\u00bboff\u00a0\u00bb button_one_text_size__hover_enabled=\u00a0\u00bboff\u00a0\u00bb button_two_text_size__hover_enabled=\u00a0\u00bboff\u00a0\u00bb button_text_color__hover_enabled=\u00a0\u00bboff\u00a0\u00bb button_one_text_color__hover_enabled=\u00a0\u00bboff\u00a0\u00bb button_two_text_color__hover_enabled=\u00a0\u00bboff\u00a0\u00bb button_border_width__hover_enabled=\u00a0\u00bboff\u00a0\u00bb button_one_border_width__hover_enabled=\u00a0\u00bboff\u00a0\u00bb button_two_border_width__hover_enabled=\u00a0\u00bboff\u00a0\u00bb button_border_color__hover_enabled=\u00a0\u00bboff\u00a0\u00bb button_one_border_color__hover_enabled=\u00a0\u00bboff\u00a0\u00bb button_two_border_color__hover_enabled=\u00a0\u00bboff\u00a0\u00bb button_border_radius__hover_enabled=\u00a0\u00bboff\u00a0\u00bb button_one_border_radius__hover_enabled=\u00a0\u00bboff\u00a0\u00bb button_two_border_radius__hover_enabled=\u00a0\u00bboff\u00a0\u00bb button_letter_spacing__hover_enabled=\u00a0\u00bboff\u00a0\u00bb button_one_letter_spacing__hover_enabled=\u00a0\u00bboff\u00a0\u00bb button_two_letter_spacing__hover_enabled=\u00a0\u00bboff\u00a0\u00bb button_bg_color__hover_enabled=\u00a0\u00bboff\u00a0\u00bb button_one_bg_color__hover_enabled=\u00a0\u00bboff\u00a0\u00bb button_two_bg_color__hover_enabled=\u00a0\u00bboff\u00a0\u00bb][\/et_pb_contact_field][\/et_pb_contact_form][\/et_pb_column][\/et_pb_row][\/et_pb_section]<\/p>\n","protected":false},"excerpt":{"rendered":"<p>Si vous souhaitez nous poser une question, nous vous invitons \u00e0 remplir le formulaire de contact ci-dessous. NOUS CONTACTER T\u00e9l : 00 33 1 40 26 14 00 olivier.berte@coursdecuisineparis.com 7 rue Paul Lelong, 75002 Paris MENTIONS LEGALES<\/p>\n","protected":false},"author":2,"featured_media":0,"parent":0,"menu_order":0,"comment_status":"closed","ping_status":"closed","template":"","meta":{"_et_pb_use_builder":"on","_et_pb_old_content":"<h4><span style=\"line-height: 1.5em;\">[contact-form-7 id=\"837\" title=\"Formulaire de contact 1\"]<a href=\"http:\/\/www.coulissesduchef.com\/site\/wp-content\/uploads\/2014\/09\/20140905_114604-281x500.jpg\"><img class=\"alignright size-thumbnail wp-image-1127\" alt=\"Olivier Bert\u00e9 Maison&amp;Objet\" src=\"http:\/\/www.coulissesduchef.com\/site\/wp-content\/uploads\/2014\/09\/20140905_114604-281x500-150x150.jpg\" width=\"150\" height=\"150\" \/><\/a><\/span><\/h4>\r\n<div>\r\n<h4>NOUS CONTACTER<\/h4>\r\n<span style=\"line-height: 1.5em;\">T\u00e9l : 00 33 1 40 26 14 00<\/span>\r\n\r\n<span style=\"line-height: 1.5em;\">Fax : 00 33 1 45 25 32 39<\/span>\r\n\r\n<span style=\"line-height: 1.5em;\">olivier.berte@coursdecuisineparis.com<\/span>\r\n\r\n<span style=\"line-height: 1.5em;\">7 rue Paul Lelong, 75002 Paris<\/span>\r\n\r\n<\/div>","_et_gb_content_width":"","footnotes":""},"class_list":["post-46","page","type-page","status-publish","hentry"],"yoast_head":"<!-- This site is optimized with the Yoast SEO plugin v27.5 - https:\/\/yoast.com\/product\/yoast-seo-wordpress\/ -->\n<title>CONTACT - Cours de cuisine \u00e0 Paris<\/title>\n<meta name=\"robots\" content=\"index, follow, max-snippet:-1, max-image-preview:large, max-video-preview:-1\" \/>\n<link rel=\"canonical\" href=\"https:\/\/www.coulissesduchef.com\/site\/contact\/\" \/>\n<meta property=\"og:locale\" content=\"fr_FR\" \/>\n<meta property=\"og:type\" content=\"article\" \/>\n<meta property=\"og:title\" content=\"CONTACT - Cours de cuisine \u00e0 Paris\" \/>\n<meta property=\"og:description\" content=\"Si vous souhaitez nous poser une question, nous vous invitons \u00e0 remplir le formulaire de contact ci-dessous. NOUS CONTACTER T\u00e9l : 00 33 1 40 26 14 00 olivier.berte@coursdecuisineparis.com 7 rue Paul Lelong, 75002 Paris MENTIONS LEGALES\" \/>\n<meta property=\"og:url\" content=\"https:\/\/www.coulissesduchef.com\/site\/contact\/\" \/>\n<meta property=\"og:site_name\" content=\"Cours de cuisine \u00e0 Paris\" \/>\n<meta property=\"article:modified_time\" content=\"2026-04-09T15:24:34+00:00\" \/>\n<meta name=\"twitter:card\" content=\"summary_large_image\" \/>\n<meta name=\"twitter:label1\" content=\"Dur\u00e9e de lecture estim\u00e9e\" \/>\n\t<meta name=\"twitter:data1\" content=\"1 minute\" \/>\n<script type=\"application\/ld+json\" class=\"yoast-schema-graph\">{\"@context\":\"https:\\\/\\\/schema.org\",\"@graph\":[{\"@type\":\"WebPage\",\"@id\":\"https:\\\/\\\/www.coulissesduchef.com\\\/site\\\/contact\\\/\",\"url\":\"https:\\\/\\\/www.coulissesduchef.com\\\/site\\\/contact\\\/\",\"name\":\"CONTACT - Cours de cuisine \u00e0 Paris\",\"isPartOf\":{\"@id\":\"https:\\\/\\\/www.coulissesduchef.com\\\/site\\\/#website\"},\"datePublished\":\"2012-07-10T15:27:10+00:00\",\"dateModified\":\"2026-04-09T15:24:34+00:00\",\"breadcrumb\":{\"@id\":\"https:\\\/\\\/www.coulissesduchef.com\\\/site\\\/contact\\\/#breadcrumb\"},\"inLanguage\":\"fr-FR\",\"potentialAction\":[{\"@type\":\"ReadAction\",\"target\":[\"https:\\\/\\\/www.coulissesduchef.com\\\/site\\\/contact\\\/\"]}]},{\"@type\":\"BreadcrumbList\",\"@id\":\"https:\\\/\\\/www.coulissesduchef.com\\\/site\\\/contact\\\/#breadcrumb\",\"itemListElement\":[{\"@type\":\"ListItem\",\"position\":1,\"name\":\"Accueil\",\"item\":\"https:\\\/\\\/www.coulissesduchef.com\\\/site\\\/\"},{\"@type\":\"ListItem\",\"position\":2,\"name\":\"CONTACT\"}]},{\"@type\":\"WebSite\",\"@id\":\"https:\\\/\\\/www.coulissesduchef.com\\\/site\\\/#website\",\"url\":\"https:\\\/\\\/www.coulissesduchef.com\\\/site\\\/\",\"name\":\"Cours de cuisine \u00e0 Paris\",\"description\":\"Atelier &amp; Cours de cuisine d&#039;Olivier Bert\u00e9 Paris\",\"potentialAction\":[{\"@type\":\"SearchAction\",\"target\":{\"@type\":\"EntryPoint\",\"urlTemplate\":\"https:\\\/\\\/www.coulissesduchef.com\\\/site\\\/?s={search_term_string}\"},\"query-input\":{\"@type\":\"PropertyValueSpecification\",\"valueRequired\":true,\"valueName\":\"search_term_string\"}}],\"inLanguage\":\"fr-FR\"}]}<\/script>\n<!-- \/ Yoast SEO plugin. -->","yoast_head_json":{"title":"CONTACT - Cours de cuisine \u00e0 Paris","robots":{"index":"index","follow":"follow","max-snippet":"max-snippet:-1","max-image-preview":"max-image-preview:large","max-video-preview":"max-video-preview:-1"},"canonical":"https:\/\/www.coulissesduchef.com\/site\/contact\/","og_locale":"fr_FR","og_type":"article","og_title":"CONTACT - Cours de cuisine \u00e0 Paris","og_description":"Si vous souhaitez nous poser une question, nous vous invitons \u00e0 remplir le formulaire de contact ci-dessous. NOUS CONTACTER T\u00e9l : 00 33 1 40 26 14 00 olivier.berte@coursdecuisineparis.com 7 rue Paul Lelong, 75002 Paris MENTIONS LEGALES","og_url":"https:\/\/www.coulissesduchef.com\/site\/contact\/","og_site_name":"Cours de cuisine \u00e0 Paris","article_modified_time":"2026-04-09T15:24:34+00:00","twitter_card":"summary_large_image","twitter_misc":{"Dur\u00e9e de lecture estim\u00e9e":"1 minute"},"schema":{"@context":"https:\/\/schema.org","@graph":[{"@type":"WebPage","@id":"https:\/\/www.coulissesduchef.com\/site\/contact\/","url":"https:\/\/www.coulissesduchef.com\/site\/contact\/","name":"CONTACT - Cours de cuisine \u00e0 Paris","isPartOf":{"@id":"https:\/\/www.coulissesduchef.com\/site\/#website"},"datePublished":"2012-07-10T15:27:10+00:00","dateModified":"2026-04-09T15:24:34+00:00","breadcrumb":{"@id":"https:\/\/www.coulissesduchef.com\/site\/contact\/#breadcrumb"},"inLanguage":"fr-FR","potentialAction":[{"@type":"ReadAction","target":["https:\/\/www.coulissesduchef.com\/site\/contact\/"]}]},{"@type":"BreadcrumbList","@id":"https:\/\/www.coulissesduchef.com\/site\/contact\/#breadcrumb","itemListElement":[{"@type":"ListItem","position":1,"name":"Accueil","item":"https:\/\/www.coulissesduchef.com\/site\/"},{"@type":"ListItem","position":2,"name":"CONTACT"}]},{"@type":"WebSite","@id":"https:\/\/www.coulissesduchef.com\/site\/#website","url":"https:\/\/www.coulissesduchef.com\/site\/","name":"Cours de cuisine \u00e0 Paris","description":"Atelier &amp; Cours de cuisine d&#039;Olivier Bert\u00e9 Paris","potentialAction":[{"@type":"SearchAction","target":{"@type":"EntryPoint","urlTemplate":"https:\/\/www.coulissesduchef.com\/site\/?s={search_term_string}"},"query-input":{"@type":"PropertyValueSpecification","valueRequired":true,"valueName":"search_term_string"}}],"inLanguage":"fr-FR"}]}},"_links":{"self":[{"href":"https:\/\/www.coulissesduchef.com\/site\/wp-json\/wp\/v2\/pages\/46","targetHints":{"allow":["GET"]}}],"collection":[{"href":"https:\/\/www.coulissesduchef.com\/site\/wp-json\/wp\/v2\/pages"}],"about":[{"href":"https:\/\/www.coulissesduchef.com\/site\/wp-json\/wp\/v2\/types\/page"}],"author":[{"embeddable":true,"href":"https:\/\/www.coulissesduchef.com\/site\/wp-json\/wp\/v2\/users\/2"}],"replies":[{"embeddable":true,"href":"https:\/\/www.coulissesduchef.com\/site\/wp-json\/wp\/v2\/comments?post=46"}],"version-history":[{"count":1,"href":"https:\/\/www.coulissesduchef.com\/site\/wp-json\/wp\/v2\/pages\/46\/revisions"}],"predecessor-version":[{"id":2751,"href":"https:\/\/www.coulissesduchef.com\/site\/wp-json\/wp\/v2\/pages\/46\/revisions\/2751"}],"wp:attachment":[{"href":"https:\/\/www.coulissesduchef.com\/site\/wp-json\/wp\/v2\/media?parent=46"}],"curies":[{"name":"wp","href":"https:\/\/api.w.org\/{rel}","templated":true}]}}