{"id":351,"date":"2013-01-29T15:45:13","date_gmt":"2013-01-29T14:45:13","guid":{"rendered":"http:\/\/www.coulissesduchef.com\/site\/?page_id=351"},"modified":"2024-08-18T17:48:05","modified_gmt":"2024-08-18T16:48:05","slug":"les-ateliers-adultes","status":"publish","type":"page","link":"https:\/\/www.coulissesduchef.com\/site\/les-ateliers-adultes\/","title":{"rendered":"LES ATELIERS ADULTES"},"content":{"rendered":"<p>[et_pb_section admin_label=\u00a0\u00bbsection\u00a0\u00bb]<br \/>\n\t\t\t[et_pb_row admin_label=\u00a0\u00bbrow\u00a0\u00bb]<br \/>\n\t\t\t\t[et_pb_column type=\u00a0\u00bb4_4&Prime;][et_pb_text admin_label=\u00a0\u00bbText\u00a0\u00bb]<\/p>\n<p style=\"text-align: center;\">Du Mercredi au Samedi, venez pr\u00e9parer, pr\u00e9senter, et d\u00e9guster<br \/>\nautour\u00a0d&rsquo;un verre de vin les menus propos\u00e9s par Olivier Bert\u00e9.<br \/>\nL&rsquo;agenda des cours de cuisine varie selon les saisons.<\/p>\n<p style=\"text-align: center;\"><span style=\"color: #ffffcc;\"> Chaque jour un menu diff\u00e9rent est propos\u00e9. <\/span><\/p>\n<p style=\"text-align: center;\">Certains cours sont th\u00e9matiques:<br \/>\nCours de cuisine mol\u00e9culaire, di\u00e9t\u00e9tique, cuisine japonaise, etc. <!--more--><\/p>\n<p style=\"text-align: center;\"><iframe loading=\"lazy\" name=\"atelier2\" src=\"http:\/\/www.lescoulissesduchef.com\/video\/atelier2.html\" height=\"270\" width=\"420\" frameborder=\"no\" scrolling=\"no\"><\/iframe><\/p>\n<p style=\"text-align: center;\"><!--more--><\/p>\n<p style=\"text-align: center;\">Dur\u00e9e: 3 heures &#8211;\u00a08 \u00e0 10 \u00e9l\u00e8ves<\/p>\n<p style=\"text-align: center;\">Tarifs:<br \/>\n<span style=\"color: #ffffcc;\"> Un cours: 100\u20ac par \u00e9l\u00e8ve (adulte) <\/span><\/p>\n<p style=\"text-align: center;\">Forfait 5 cours: 440\u20ac<br \/>\nForfait 10 cours: 800\u20ac<br \/>\nForfait 20 cours et dipl\u00f4me: 1.500\u20ac<\/p>\n<p>[\/et_pb_text][\/et_pb_column]<br \/>\n\t\t\t[\/et_pb_row]<br \/>\n\t\t[\/et_pb_section]<\/p>\n","protected":false},"excerpt":{"rendered":"<p>Du Mercredi au Samedi, venez pr\u00e9parer, pr\u00e9senter, et d\u00e9guster autour\u00a0d&rsquo;un verre de vin les menus propos\u00e9s par Olivier Bert\u00e9. L&rsquo;agenda des cours de cuisine varie selon les saisons. Chaque jour un menu diff\u00e9rent est propos\u00e9. Certains cours sont th\u00e9matiques: Cours de cuisine mol\u00e9culaire, di\u00e9t\u00e9tique, cuisine japonaise, etc. Dur\u00e9e: 3 heures &#8211;\u00a08 \u00e0 10 \u00e9l\u00e8ves Tarifs: [&hellip;]<\/p>\n","protected":false},"author":2,"featured_media":0,"parent":0,"menu_order":0,"comment_status":"closed","ping_status":"closed","template":"","meta":{"_et_pb_use_builder":"on","_et_pb_old_content":"<p style=\"text-align: center;\">Du Mercredi au Samedi, venez pr\u00e9parer, pr\u00e9senter, et d\u00e9guster\r\nautour\u00a0d'un verre de vin les menus propos\u00e9s par Olivier Bert\u00e9.\r\nL'agenda des cours de cuisine varie selon les saisons.<\/p>\r\n<p style=\"text-align: center;\"><span style=\"color: #ffffcc;\"> Chaque jour un menu diff\u00e9rent est propos\u00e9. <\/span><\/p>\r\n<p style=\"text-align: center;\">Certains cours sont th\u00e9matiques:\r\nCours de cuisine mol\u00e9culaire, di\u00e9t\u00e9tique, cuisine japonaise, etc. <!--more--><\/p>\r\n<p style=\"text-align: center;\"><iframe name=\"atelier2\" src=\"http:\/\/www.lescoulissesduchef.com\/video\/atelier2.html\" height=\"270\" width=\"420\" frameborder=\"no\" scrolling=\"no\"><\/iframe><\/p>\r\n<p style=\"text-align: center;\"><!--more--><\/p>\r\n<p style=\"text-align: center;\">Dur\u00e9e: 3 heures -\u00a08 \u00e0 10 \u00e9l\u00e8ves<\/p>\r\n<p style=\"text-align: center;\">Tarifs:\r\n<span style=\"color: #ffffcc;\"> Un cours: 100\u20ac par \u00e9l\u00e8ve (adulte) <\/span><\/p>\r\n<p style=\"text-align: center;\">Forfait 5 cours: 440\u20ac\r\nForfait 10 cours: 800\u20ac\r\nForfait 20 cours et dipl\u00f4me: 1.500\u20ac<\/p>","_et_gb_content_width":"","footnotes":""},"class_list":["post-351","page","type-page","status-publish","hentry"],"yoast_head":"<!-- This site is optimized with the Yoast SEO plugin v27.3 - https:\/\/yoast.com\/product\/yoast-seo-wordpress\/ -->\n<title>LES ATELIERS ADULTES - Cours de cuisine \u00e0 Paris<\/title>\n<meta name=\"robots\" content=\"index, follow, max-snippet:-1, max-image-preview:large, max-video-preview:-1\" \/>\n<link rel=\"canonical\" href=\"https:\/\/www.coulissesduchef.com\/site\/les-ateliers-adultes\/\" \/>\n<meta property=\"og:locale\" content=\"fr_FR\" \/>\n<meta property=\"og:type\" content=\"article\" \/>\n<meta property=\"og:title\" content=\"LES ATELIERS ADULTES - Cours de cuisine \u00e0 Paris\" \/>\n<meta property=\"og:description\" content=\"Du Mercredi au Samedi, venez pr\u00e9parer, pr\u00e9senter, et d\u00e9guster autour\u00a0d&#039;un verre de vin les menus propos\u00e9s par Olivier Bert\u00e9. L&#039;agenda des cours de cuisine varie selon les saisons. Chaque jour un menu diff\u00e9rent est propos\u00e9. Certains cours sont th\u00e9matiques: Cours de cuisine mol\u00e9culaire, di\u00e9t\u00e9tique, cuisine japonaise, etc. Dur\u00e9e: 3 heures -\u00a08 \u00e0 10 \u00e9l\u00e8ves Tarifs: [&hellip;]\" \/>\n<meta property=\"og:url\" content=\"https:\/\/www.coulissesduchef.com\/site\/les-ateliers-adultes\/\" \/>\n<meta property=\"og:site_name\" content=\"Cours de cuisine \u00e0 Paris\" \/>\n<meta property=\"article:modified_time\" content=\"2024-08-18T16:48:05+00:00\" \/>\n<meta name=\"twitter:card\" content=\"summary_large_image\" \/>\n<meta name=\"twitter:label1\" content=\"Dur\u00e9e de lecture estim\u00e9e\" \/>\n\t<meta name=\"twitter:data1\" content=\"1 minute\" \/>\n<script type=\"application\/ld+json\" class=\"yoast-schema-graph\">{\"@context\":\"https:\\\/\\\/schema.org\",\"@graph\":[{\"@type\":\"WebPage\",\"@id\":\"https:\\\/\\\/www.coulissesduchef.com\\\/site\\\/les-ateliers-adultes\\\/\",\"url\":\"https:\\\/\\\/www.coulissesduchef.com\\\/site\\\/les-ateliers-adultes\\\/\",\"name\":\"LES ATELIERS ADULTES - Cours de cuisine \u00e0 Paris\",\"isPartOf\":{\"@id\":\"https:\\\/\\\/www.coulissesduchef.com\\\/site\\\/#website\"},\"datePublished\":\"2013-01-29T14:45:13+00:00\",\"dateModified\":\"2024-08-18T16:48:05+00:00\",\"breadcrumb\":{\"@id\":\"https:\\\/\\\/www.coulissesduchef.com\\\/site\\\/les-ateliers-adultes\\\/#breadcrumb\"},\"inLanguage\":\"fr-FR\",\"potentialAction\":[{\"@type\":\"ReadAction\",\"target\":[\"https:\\\/\\\/www.coulissesduchef.com\\\/site\\\/les-ateliers-adultes\\\/\"]}]},{\"@type\":\"BreadcrumbList\",\"@id\":\"https:\\\/\\\/www.coulissesduchef.com\\\/site\\\/les-ateliers-adultes\\\/#breadcrumb\",\"itemListElement\":[{\"@type\":\"ListItem\",\"position\":1,\"name\":\"Accueil\",\"item\":\"https:\\\/\\\/www.coulissesduchef.com\\\/site\\\/\"},{\"@type\":\"ListItem\",\"position\":2,\"name\":\"LES ATELIERS ADULTES\"}]},{\"@type\":\"WebSite\",\"@id\":\"https:\\\/\\\/www.coulissesduchef.com\\\/site\\\/#website\",\"url\":\"https:\\\/\\\/www.coulissesduchef.com\\\/site\\\/\",\"name\":\"Cours de cuisine \u00e0 Paris\",\"description\":\"Atelier &amp; Cours de cuisine d&#039;Olivier Bert\u00e9 Paris\",\"potentialAction\":[{\"@type\":\"SearchAction\",\"target\":{\"@type\":\"EntryPoint\",\"urlTemplate\":\"https:\\\/\\\/www.coulissesduchef.com\\\/site\\\/?s={search_term_string}\"},\"query-input\":{\"@type\":\"PropertyValueSpecification\",\"valueRequired\":true,\"valueName\":\"search_term_string\"}}],\"inLanguage\":\"fr-FR\"}]}<\/script>\n<!-- \/ Yoast SEO plugin. -->","yoast_head_json":{"title":"LES ATELIERS ADULTES - Cours de cuisine \u00e0 Paris","robots":{"index":"index","follow":"follow","max-snippet":"max-snippet:-1","max-image-preview":"max-image-preview:large","max-video-preview":"max-video-preview:-1"},"canonical":"https:\/\/www.coulissesduchef.com\/site\/les-ateliers-adultes\/","og_locale":"fr_FR","og_type":"article","og_title":"LES ATELIERS ADULTES - Cours de cuisine \u00e0 Paris","og_description":"Du Mercredi au Samedi, venez pr\u00e9parer, pr\u00e9senter, et d\u00e9guster autour\u00a0d'un verre de vin les menus propos\u00e9s par Olivier Bert\u00e9. L'agenda des cours de cuisine varie selon les saisons. Chaque jour un menu diff\u00e9rent est propos\u00e9. Certains cours sont th\u00e9matiques: Cours de cuisine mol\u00e9culaire, di\u00e9t\u00e9tique, cuisine japonaise, etc. Dur\u00e9e: 3 heures -\u00a08 \u00e0 10 \u00e9l\u00e8ves Tarifs: [&hellip;]","og_url":"https:\/\/www.coulissesduchef.com\/site\/les-ateliers-adultes\/","og_site_name":"Cours de cuisine \u00e0 Paris","article_modified_time":"2024-08-18T16:48:05+00:00","twitter_card":"summary_large_image","twitter_misc":{"Dur\u00e9e de lecture estim\u00e9e":"1 minute"},"schema":{"@context":"https:\/\/schema.org","@graph":[{"@type":"WebPage","@id":"https:\/\/www.coulissesduchef.com\/site\/les-ateliers-adultes\/","url":"https:\/\/www.coulissesduchef.com\/site\/les-ateliers-adultes\/","name":"LES ATELIERS ADULTES - Cours de cuisine \u00e0 Paris","isPartOf":{"@id":"https:\/\/www.coulissesduchef.com\/site\/#website"},"datePublished":"2013-01-29T14:45:13+00:00","dateModified":"2024-08-18T16:48:05+00:00","breadcrumb":{"@id":"https:\/\/www.coulissesduchef.com\/site\/les-ateliers-adultes\/#breadcrumb"},"inLanguage":"fr-FR","potentialAction":[{"@type":"ReadAction","target":["https:\/\/www.coulissesduchef.com\/site\/les-ateliers-adultes\/"]}]},{"@type":"BreadcrumbList","@id":"https:\/\/www.coulissesduchef.com\/site\/les-ateliers-adultes\/#breadcrumb","itemListElement":[{"@type":"ListItem","position":1,"name":"Accueil","item":"https:\/\/www.coulissesduchef.com\/site\/"},{"@type":"ListItem","position":2,"name":"LES ATELIERS ADULTES"}]},{"@type":"WebSite","@id":"https:\/\/www.coulissesduchef.com\/site\/#website","url":"https:\/\/www.coulissesduchef.com\/site\/","name":"Cours de cuisine \u00e0 Paris","description":"Atelier &amp; Cours de cuisine d&#039;Olivier Bert\u00e9 Paris","potentialAction":[{"@type":"SearchAction","target":{"@type":"EntryPoint","urlTemplate":"https:\/\/www.coulissesduchef.com\/site\/?s={search_term_string}"},"query-input":{"@type":"PropertyValueSpecification","valueRequired":true,"valueName":"search_term_string"}}],"inLanguage":"fr-FR"}]}},"_links":{"self":[{"href":"https:\/\/www.coulissesduchef.com\/site\/wp-json\/wp\/v2\/pages\/351","targetHints":{"allow":["GET"]}}],"collection":[{"href":"https:\/\/www.coulissesduchef.com\/site\/wp-json\/wp\/v2\/pages"}],"about":[{"href":"https:\/\/www.coulissesduchef.com\/site\/wp-json\/wp\/v2\/types\/page"}],"author":[{"embeddable":true,"href":"https:\/\/www.coulissesduchef.com\/site\/wp-json\/wp\/v2\/users\/2"}],"replies":[{"embeddable":true,"href":"https:\/\/www.coulissesduchef.com\/site\/wp-json\/wp\/v2\/comments?post=351"}],"version-history":[{"count":0,"href":"https:\/\/www.coulissesduchef.com\/site\/wp-json\/wp\/v2\/pages\/351\/revisions"}],"wp:attachment":[{"href":"https:\/\/www.coulissesduchef.com\/site\/wp-json\/wp\/v2\/media?parent=351"}],"curies":[{"name":"wp","href":"https:\/\/api.w.org\/{rel}","templated":true}]}}