{"id":2157,"date":"2024-08-29T15:55:54","date_gmt":"2024-08-29T14:55:54","guid":{"rendered":"https:\/\/www.coulissesduchef.com\/site\/?page_id=2157"},"modified":"2024-09-04T09:36:12","modified_gmt":"2024-09-04T08:36:12","slug":"recrutement-de-qualite-100-de-reussite","status":"publish","type":"page","link":"https:\/\/www.coulissesduchef.com\/site\/recrutement-de-qualite-100-de-reussite\/","title":{"rendered":"Recrutement de qualit\u00e9 100% de r\u00e9ussite"},"content":{"rendered":"[et_pb_section fb_built=\u00a0\u00bb1&Prime; admin_label=\u00a0\u00bbsection\u00a0\u00bb _builder_version=\u00a0\u00bb4.16&Prime; global_colors_info=\u00a0\u00bb{}\u00a0\u00bb][et_pb_row admin_label=\u00a0\u00bbrow\u00a0\u00bb _builder_version=\u00a0\u00bb4.16&Prime; background_size=\u00a0\u00bbinitial\u00a0\u00bb background_position=\u00a0\u00bbtop_left\u00a0\u00bb background_repeat=\u00a0\u00bbrepeat\u00a0\u00bb global_colors_info=\u00a0\u00bb{}\u00a0\u00bb][et_pb_column type=\u00a0\u00bb4_4&Prime; _builder_version=\u00a0\u00bb4.16&Prime; custom_padding=\u00a0\u00bb|||\u00a0\u00bb global_colors_info=\u00a0\u00bb{}\u00a0\u00bb custom_padding__hover=\u00a0\u00bb|||\u00a0\u00bb][et_pb_text admin_label=\u00a0\u00bbText\u00a0\u00bb _builder_version=\u00a0\u00bb4.16&Prime; background_size=\u00a0\u00bbinitial\u00a0\u00bb background_position=\u00a0\u00bbtop_left\u00a0\u00bb background_repeat=\u00a0\u00bbrepeat\u00a0\u00bb global_colors_info=\u00a0\u00bb{}\u00a0\u00bb]<p><\/p>\n<h2 class=\"wp-block-heading\"><a href=\"https:\/\/www.coulissesduchef.com\/site\/recruter-un-candidat-avec-un-concept-inedit-grace-a-un-cours-de-cuisine\/\">Recruter un candidat avec un concept inedit : gr\u00e2ce \u00e0 un cours de cuisine !<\/a><\/h2>\n<p><\/p>\n<p><\/p>\n<p><\/p>\n<p><\/p>\n<p><strong>Une nouvelle m\u00e9thode de recrutement pour choisir le meilleur candidat pour un poste.<\/strong><\/p>\n<p><\/p>\n<p><\/p>\n<p><strong>Un concept in\u00e9dit mise en oeuvre par Olivier Bert\u00e9.<\/strong><\/p>\n<p><\/p>\n<p><\/p>\n<p>Masquez votre session de recrutement gr\u00e2ce \u00e0 une ambiance conviviale avec une activit\u00e9 \u00e9picurienne joignant l\u2019utile \u00e0 l\u2019agr\u00e9able\u00a0:\u00a0<strong>un Atelier de Cuisine.<\/strong><\/p>\n<p><\/p>\n<p><\/p>\n<p><strong>Au programme<\/strong><strong>\u00a0:<\/strong><\/p>\n<p><\/p>\n<p><\/p>\n<ul class=\"wp-block-list\">\n<ul class=\"wp-block-list\"><\/ul>\n<\/ul>\n<p>&nbsp;<\/p>\n<ul class=\"wp-block-list\">\n<ul class=\"wp-block-list\">\n<li>Petit d\u00e9jeuner d\u2019accueil<\/li>\n<\/ul>\n<\/ul>\n<p><\/p>\n<p><\/p>\n<ul class=\"wp-block-list\">\n<ul class=\"wp-block-list\">\n<li>Ateliers de cuisine \u00ab\u00a0r\u00e9alisation d\u2019un menu complet\u00a0: entr\u00e9e, plat et dessert\u00a0\u00bb<\/li>\n<\/ul>\n<\/ul>\n<p><\/p>\n<p><\/p>\n<ul class=\"wp-block-list\">\n<ul class=\"wp-block-list\">\n<li>D\u00e9gustation tous ensemble assis autour de la table<\/li>\n<\/ul>\n<\/ul>\n<p><\/p>\n<p><\/p>\n<ul class=\"wp-block-list\">\n<ul class=\"wp-block-list\">\n<li>Debriefing avec le recruteur<\/li>\n<\/ul>\n<\/ul>\n<p><\/p>\n<p><\/p>\n<p><\/p>\n<h3 class=\"wp-block-heading\"><strong>Pourquoi choisir cette idee innovante dans votre recrutement\u00a0?<\/strong><\/h3>\n<p><\/p>\n<p><\/p>\n<p>Dans un cadre inhabituel et d\u00e9contract\u00e9, n\u2019importe quel individu a tendance \u00e0 \u00eatre lui-m\u00eame et \u00e0 oublier le but de sa pr\u00e9sence.<\/p>\n<p><\/p>\n<p><\/p>\n<p>Cette m\u00e9thode permet de\u00a0<strong>r\u00e9v\u00e9ler au maximum les qualit\u00e9s et d\u00e9fauts comportementaux des candidats, afin d\u2019\u00e9viter des erreurs de casting qui co\u00fbtent ch\u00e8res aux entreprises.<\/strong><\/p>\n<p><\/p>\n<p><\/p>\n<p>Vite \u00e9pris par l\u2019activit\u00e9 sous les ordres du Chef, chacun va prendre sa place.<\/p>\n<p><\/p>\n<p><\/p>\n<p>Les candidats sont\u00a0<strong>mis en situation r\u00e9elle<\/strong>\u00a0de fa\u00e7on collective et font \u00ab\u00a0<strong>tomber le masque<\/strong>\u00a0\u00bb. Des caract\u00e8res se r\u00e9v\u00e8lent tout au long du cours de cuisine et de la r\u00e9alisation du menu.<\/p>\n<p><\/p>\n<p><\/p>\n<p>Le Chef rep\u00e8re vite les\u00a0<strong>personnalit\u00e9s\u00a0<\/strong>des uns et des autres\u00a0:\u00a0<strong>la cr\u00e9ativit\u00e9, l\u2019acceptation de la hi\u00e9rarchie, le respect, la prise d\u2019initiative, l\u2019ambition etc\u2026<\/strong><\/p>\n<p><\/p>\n<p><\/p>\n<p>Vos candidats sont encadr\u00e9s durant 4h avec un Chef cuisinier et son assistant.<\/p>\n<p><\/p>\n<p><\/p>\n<p>Le Chef travaille en amont sur la fiche du poste et le CV des candidats. Des \u00e9changes au pr\u00e9alable sont n\u00e9cessaires avec le recruteur.<\/p>\n<p><\/p>\n<p><\/p>\n<p>Apr\u00e8s l\u2019Atelier de cuisine, Le Chef fait un d\u00e9briefing des candidats aupr\u00e8s du recruteur.<\/p>\n<p><\/p>[\/et_pb_text][\/et_pb_column][\/et_pb_row][\/et_pb_section]","protected":false},"excerpt":{"rendered":"<p>Recruter un candidat avec un concept inedit : gr\u00e2ce \u00e0 un cours de cuisine ! Une nouvelle m\u00e9thode de recrutement pour choisir le meilleur candidat pour un poste. Un concept in\u00e9dit mise en oeuvre par Olivier Bert\u00e9. Masquez votre session de recrutement gr\u00e2ce \u00e0 une ambiance conviviale avec une activit\u00e9 \u00e9picurienne joignant l\u2019utile \u00e0 l\u2019agr\u00e9able\u00a0:\u00a0un [&hellip;]<\/p>\n","protected":false},"author":2,"featured_media":0,"parent":0,"menu_order":0,"comment_status":"closed","ping_status":"closed","template":"","meta":{"_et_pb_use_builder":"on","_et_pb_old_content":"<!-- wp:heading -->\n<h2 class=\"wp-block-heading\"><a href=\"https:\/\/www.coulissesduchef.com\/site\/recruter-un-candidat-avec-un-concept-inedit-grace-a-un-cours-de-cuisine\/\">Recruter un candidat avec un concept inedit : grace a un cours de cuisine !<\/a><\/h2>\n<!-- \/wp:heading -->\n\n<!-- wp:paragraph -->\n<p><\/p>\n<!-- \/wp:paragraph -->\n\n<!-- wp:paragraph -->\n<p><strong>Une nouvelle m\u00e9thode de recrutement pour choisir le meilleur candidat pour un poste.<\/strong><\/p>\n<!-- \/wp:paragraph -->\n\n<!-- wp:paragraph -->\n<p><strong>Un concept in\u00e9dit mi en oeuvre&nbsp;par Olivier Bert\u00e9.<\/strong><\/p>\n<!-- \/wp:paragraph -->\n\n<!-- wp:paragraph -->\n<p>Masquez votre session de recrutement gr\u00e2ce \u00e0 une ambiance conviviale avec une activit\u00e9 \u00e9picurienne joignant l\u2019utile \u00e0 l\u2019agr\u00e9able&nbsp;:&nbsp;<strong>un Atelier de Cuisine.<\/strong><\/p>\n<!-- \/wp:paragraph -->\n\n<!-- wp:paragraph -->\n<p><strong>Au programme<\/strong><strong>&nbsp;:<\/strong><\/p>\n<!-- \/wp:paragraph -->\n\n<!-- wp:list -->\n<ul class=\"wp-block-list\"><!-- wp:list-item -->\n<li>Petit d\u00e9jeuner d\u2019accueil<\/li>\n<!-- \/wp:list-item -->\n\n<!-- wp:list-item -->\n<li>Ateliers de cuisine \u00ab\u00a0r\u00e9alisation d\u2019un menu complet\u00a0: entr\u00e9e, plat et dessert\u00a0\u00bb<\/li>\n<!-- \/wp:list-item -->\n\n<!-- wp:list-item -->\n<li>D\u00e9gustation tous ensemble assis autour de la table<\/li>\n<!-- \/wp:list-item -->\n\n<!-- wp:list-item -->\n<li>Debriefing avec le recruteur<\/li>\n<!-- \/wp:list-item --><\/ul>\n<!-- \/wp:list -->\n\n<!-- wp:heading {\"level\":3} -->\n<h3 class=\"wp-block-heading\"><strong>Pourquoi choisir cette idee innovante dans votre recrutement&nbsp;?<\/strong><\/h3>\n<!-- \/wp:heading -->\n\n<!-- wp:paragraph -->\n<p>Dans un cadre inhabituel et d\u00e9contract\u00e9, n\u2019importe quel individu a tendance \u00e0 \u00eatre lui-m\u00eame et \u00e0 oublier le but de sa pr\u00e9sence.<\/p>\n<!-- \/wp:paragraph -->\n\n<!-- wp:paragraph -->\n<p>Cette m\u00e9thode permet de&nbsp;<strong>r\u00e9v\u00e9ler au maximum les qualit\u00e9s et d\u00e9fauts comportementaux des candidats, afin d\u2019\u00e9viter des erreurs de casting qui co\u00fbtent ch\u00e8res aux entreprises.<\/strong><\/p>\n<!-- \/wp:paragraph -->\n\n<!-- wp:paragraph -->\n<p>Vite \u00e9pris par l\u2019activit\u00e9 sous les ordres du Chef, chacun va prendre sa place.<\/p>\n<!-- \/wp:paragraph -->\n\n<!-- wp:paragraph -->\n<p>Les candidats sont&nbsp;<strong>mis en situation r\u00e9elle<\/strong>&nbsp;de fa\u00e7on collective et font \u00ab&nbsp;<strong>tomber le masque<\/strong>&nbsp;\u00bb. Des caract\u00e8res se r\u00e9v\u00e8lent tout au long du cours de cuisine et de la r\u00e9alisation du menu.<\/p>\n<!-- \/wp:paragraph -->\n\n<!-- wp:paragraph -->\n<p>Le Chef rep\u00e8re vite les&nbsp;<strong>personnalit\u00e9s&nbsp;<\/strong>des uns et des autres&nbsp;:&nbsp;<strong>la cr\u00e9ativit\u00e9, l\u2019acceptation de la hi\u00e9rarchie, le respect, la prise d\u2019initiative, l\u2019ambition etc\u2026<\/strong><\/p>\n<!-- \/wp:paragraph -->\n\n<!-- wp:paragraph -->\n<p>Vos candidats sont encadr\u00e9s durant 4h avec un Chef cuisinier et son assistant.<\/p>\n<!-- \/wp:paragraph -->\n\n<!-- wp:paragraph -->\n<p>Le Chef travaille en amont sur la fiche du poste et le CV des candidats. Des \u00e9changes au pr\u00e9alable sont n\u00e9cessaires avec le recruteur.<\/p>\n<!-- \/wp:paragraph -->\n\n<!-- wp:paragraph -->\n<p>Apr\u00e8s l\u2019Atelier de cuisine, Le Chef fait un d\u00e9briefing des candidats aupr\u00e8s du recruteur.<\/p>\n<!-- \/wp:paragraph -->","_et_gb_content_width":"","footnotes":""},"class_list":["post-2157","page","type-page","status-publish","hentry"],"yoast_head":"<!-- This site is optimized with the Yoast SEO plugin v27.5 - https:\/\/yoast.com\/product\/yoast-seo-wordpress\/ -->\n<title>Recrutement de qualit\u00e9 100% de r\u00e9ussite - Cours de cuisine \u00e0 Paris<\/title>\n<meta name=\"robots\" content=\"index, follow, max-snippet:-1, max-image-preview:large, max-video-preview:-1\" \/>\n<link rel=\"canonical\" href=\"https:\/\/www.coulissesduchef.com\/site\/recrutement-de-qualite-100-de-reussite\/\" \/>\n<meta property=\"og:locale\" content=\"fr_FR\" \/>\n<meta property=\"og:type\" content=\"article\" \/>\n<meta property=\"og:title\" content=\"Recrutement de qualit\u00e9 100% de r\u00e9ussite - Cours de cuisine \u00e0 Paris\" \/>\n<meta property=\"og:description\" content=\"Recruter un candidat avec un concept inedit : gr\u00e2ce \u00e0 un cours de cuisine ! Une nouvelle m\u00e9thode de recrutement pour choisir le meilleur candidat pour un poste. Un concept in\u00e9dit mise en oeuvre par Olivier Bert\u00e9. Masquez votre session de recrutement gr\u00e2ce \u00e0 une ambiance conviviale avec une activit\u00e9 \u00e9picurienne joignant l\u2019utile \u00e0 l\u2019agr\u00e9able\u00a0:\u00a0un [&hellip;]\" \/>\n<meta property=\"og:url\" content=\"https:\/\/www.coulissesduchef.com\/site\/recrutement-de-qualite-100-de-reussite\/\" \/>\n<meta property=\"og:site_name\" content=\"Cours de cuisine \u00e0 Paris\" \/>\n<meta property=\"article:modified_time\" content=\"2024-09-04T08:36:12+00:00\" \/>\n<meta name=\"twitter:card\" content=\"summary_large_image\" \/>\n<meta name=\"twitter:label1\" content=\"Dur\u00e9e de lecture estim\u00e9e\" \/>\n\t<meta name=\"twitter:data1\" content=\"2 minutes\" \/>\n<script type=\"application\/ld+json\" class=\"yoast-schema-graph\">{\"@context\":\"https:\\\/\\\/schema.org\",\"@graph\":[{\"@type\":\"WebPage\",\"@id\":\"https:\\\/\\\/www.coulissesduchef.com\\\/site\\\/recrutement-de-qualite-100-de-reussite\\\/\",\"url\":\"https:\\\/\\\/www.coulissesduchef.com\\\/site\\\/recrutement-de-qualite-100-de-reussite\\\/\",\"name\":\"Recrutement de qualit\u00e9 100% de r\u00e9ussite - Cours de cuisine \u00e0 Paris\",\"isPartOf\":{\"@id\":\"https:\\\/\\\/www.coulissesduchef.com\\\/site\\\/#website\"},\"datePublished\":\"2024-08-29T14:55:54+00:00\",\"dateModified\":\"2024-09-04T08:36:12+00:00\",\"breadcrumb\":{\"@id\":\"https:\\\/\\\/www.coulissesduchef.com\\\/site\\\/recrutement-de-qualite-100-de-reussite\\\/#breadcrumb\"},\"inLanguage\":\"fr-FR\",\"potentialAction\":[{\"@type\":\"ReadAction\",\"target\":[\"https:\\\/\\\/www.coulissesduchef.com\\\/site\\\/recrutement-de-qualite-100-de-reussite\\\/\"]}]},{\"@type\":\"BreadcrumbList\",\"@id\":\"https:\\\/\\\/www.coulissesduchef.com\\\/site\\\/recrutement-de-qualite-100-de-reussite\\\/#breadcrumb\",\"itemListElement\":[{\"@type\":\"ListItem\",\"position\":1,\"name\":\"Accueil\",\"item\":\"https:\\\/\\\/www.coulissesduchef.com\\\/site\\\/\"},{\"@type\":\"ListItem\",\"position\":2,\"name\":\"Recrutement de qualit\u00e9 100% de r\u00e9ussite\"}]},{\"@type\":\"WebSite\",\"@id\":\"https:\\\/\\\/www.coulissesduchef.com\\\/site\\\/#website\",\"url\":\"https:\\\/\\\/www.coulissesduchef.com\\\/site\\\/\",\"name\":\"Cours de cuisine \u00e0 Paris\",\"description\":\"Atelier &amp; Cours de cuisine d&#039;Olivier Bert\u00e9 Paris\",\"potentialAction\":[{\"@type\":\"SearchAction\",\"target\":{\"@type\":\"EntryPoint\",\"urlTemplate\":\"https:\\\/\\\/www.coulissesduchef.com\\\/site\\\/?s={search_term_string}\"},\"query-input\":{\"@type\":\"PropertyValueSpecification\",\"valueRequired\":true,\"valueName\":\"search_term_string\"}}],\"inLanguage\":\"fr-FR\"}]}<\/script>\n<!-- \/ Yoast SEO plugin. -->","yoast_head_json":{"title":"Recrutement de qualit\u00e9 100% de r\u00e9ussite - Cours de cuisine \u00e0 Paris","robots":{"index":"index","follow":"follow","max-snippet":"max-snippet:-1","max-image-preview":"max-image-preview:large","max-video-preview":"max-video-preview:-1"},"canonical":"https:\/\/www.coulissesduchef.com\/site\/recrutement-de-qualite-100-de-reussite\/","og_locale":"fr_FR","og_type":"article","og_title":"Recrutement de qualit\u00e9 100% de r\u00e9ussite - Cours de cuisine \u00e0 Paris","og_description":"Recruter un candidat avec un concept inedit : gr\u00e2ce \u00e0 un cours de cuisine ! Une nouvelle m\u00e9thode de recrutement pour choisir le meilleur candidat pour un poste. Un concept in\u00e9dit mise en oeuvre par Olivier Bert\u00e9. Masquez votre session de recrutement gr\u00e2ce \u00e0 une ambiance conviviale avec une activit\u00e9 \u00e9picurienne joignant l\u2019utile \u00e0 l\u2019agr\u00e9able\u00a0:\u00a0un [&hellip;]","og_url":"https:\/\/www.coulissesduchef.com\/site\/recrutement-de-qualite-100-de-reussite\/","og_site_name":"Cours de cuisine \u00e0 Paris","article_modified_time":"2024-09-04T08:36:12+00:00","twitter_card":"summary_large_image","twitter_misc":{"Dur\u00e9e de lecture estim\u00e9e":"2 minutes"},"schema":{"@context":"https:\/\/schema.org","@graph":[{"@type":"WebPage","@id":"https:\/\/www.coulissesduchef.com\/site\/recrutement-de-qualite-100-de-reussite\/","url":"https:\/\/www.coulissesduchef.com\/site\/recrutement-de-qualite-100-de-reussite\/","name":"Recrutement de qualit\u00e9 100% de r\u00e9ussite - Cours de cuisine \u00e0 Paris","isPartOf":{"@id":"https:\/\/www.coulissesduchef.com\/site\/#website"},"datePublished":"2024-08-29T14:55:54+00:00","dateModified":"2024-09-04T08:36:12+00:00","breadcrumb":{"@id":"https:\/\/www.coulissesduchef.com\/site\/recrutement-de-qualite-100-de-reussite\/#breadcrumb"},"inLanguage":"fr-FR","potentialAction":[{"@type":"ReadAction","target":["https:\/\/www.coulissesduchef.com\/site\/recrutement-de-qualite-100-de-reussite\/"]}]},{"@type":"BreadcrumbList","@id":"https:\/\/www.coulissesduchef.com\/site\/recrutement-de-qualite-100-de-reussite\/#breadcrumb","itemListElement":[{"@type":"ListItem","position":1,"name":"Accueil","item":"https:\/\/www.coulissesduchef.com\/site\/"},{"@type":"ListItem","position":2,"name":"Recrutement de qualit\u00e9 100% de r\u00e9ussite"}]},{"@type":"WebSite","@id":"https:\/\/www.coulissesduchef.com\/site\/#website","url":"https:\/\/www.coulissesduchef.com\/site\/","name":"Cours de cuisine \u00e0 Paris","description":"Atelier &amp; Cours de cuisine d&#039;Olivier Bert\u00e9 Paris","potentialAction":[{"@type":"SearchAction","target":{"@type":"EntryPoint","urlTemplate":"https:\/\/www.coulissesduchef.com\/site\/?s={search_term_string}"},"query-input":{"@type":"PropertyValueSpecification","valueRequired":true,"valueName":"search_term_string"}}],"inLanguage":"fr-FR"}]}},"_links":{"self":[{"href":"https:\/\/www.coulissesduchef.com\/site\/wp-json\/wp\/v2\/pages\/2157","targetHints":{"allow":["GET"]}}],"collection":[{"href":"https:\/\/www.coulissesduchef.com\/site\/wp-json\/wp\/v2\/pages"}],"about":[{"href":"https:\/\/www.coulissesduchef.com\/site\/wp-json\/wp\/v2\/types\/page"}],"author":[{"embeddable":true,"href":"https:\/\/www.coulissesduchef.com\/site\/wp-json\/wp\/v2\/users\/2"}],"replies":[{"embeddable":true,"href":"https:\/\/www.coulissesduchef.com\/site\/wp-json\/wp\/v2\/comments?post=2157"}],"version-history":[{"count":0,"href":"https:\/\/www.coulissesduchef.com\/site\/wp-json\/wp\/v2\/pages\/2157\/revisions"}],"wp:attachment":[{"href":"https:\/\/www.coulissesduchef.com\/site\/wp-json\/wp\/v2\/media?parent=2157"}],"curies":[{"name":"wp","href":"https:\/\/api.w.org\/{rel}","templated":true}]}}