{"id":2087,"date":"2024-08-22T08:45:22","date_gmt":"2024-08-22T07:45:22","guid":{"rendered":"https:\/\/www.coulissesduchef.com\/site\/?page_id=2087"},"modified":"2024-08-22T08:45:24","modified_gmt":"2024-08-22T07:45:24","slug":"mentions-legales","status":"publish","type":"page","link":"https:\/\/www.coulissesduchef.com\/site\/mentions-legales\/","title":{"rendered":"Mentions l\u00e9gales"},"content":{"rendered":"\n<p>Propri\u00e9taire<br>D\u00e9nomination sociale : COURS DE CUISINE OLIVIER BERTE<\/p>\n\n\n\n<p>Siret : 45133710900024<br>7 RUE PAUL LELONG<\/p>\n\n\n\n<p> 75002 PARIS<br><br>H\u00e9bergement<br>LES COULISSES DU CHEF &#8211; EPICURISME.COM est \u00e9dit\u00e9 par la soci\u00e9t\u00e9 COURS DE CUISINE OLIVIER BERTE<br><\/p>\n\n\n\n<p>L\u2019h\u00e9bergement du site est assur\u00e9 par la soci\u00e9t\u00e9 IONOS<\/p>\n\n\n\n<p><br>IREN : 431 303 775<br>SIRET (si\u00e8ge) : 431 303 775 00016<br>Forme juridique : SARL, soci\u00e9t\u00e9 \u00e0 responsabilit\u00e9 limit\u00e9e<br>Num\u00e9ro de TVA:<br>FR13431303775<br>Inscription au RCS : INSCRIT (au greffe de SARREGUEMINES , le 09\/05\/2000 )<br>Inscription au RNE : INSCRIT (le 09\/05\/2000)<br>Num\u00e9ro RCS : 431 303 775 R.C.S. Sarreguemines<\/p>\n\n\n\n<p>Le pr\u00e9sent site est la propri\u00e9t\u00e9 de la soci\u00e9t\u00e9 COURS DE CUISINE OLIVIER BERTE<br><br>Toutes marques (marques nominales et logos) et tout autre signe distinctif qui apparaissent sur le pr\u00e9sent site sont la propri\u00e9t\u00e9 de la soci\u00e9t\u00e9 COURS DE CUISINE OLIVIER BERTE ou de ses partenaires. Par cons\u00e9quent, toute reproduction et\/ou repr\u00e9sentation, et tout usage de ces signes distinctifs sont prohib\u00e9s, sauf autorisation \u00e9crite de leur propri\u00e9taire.<br><br>L\u2019ensemble des donn\u00e9es, textes, informations, images, photographies ou tout autre contenu diffus\u00e9 sur le pr\u00e9sent site font l\u2019objet d\u2019une protection au titre du droit de la propri\u00e9t\u00e9 intellectuelle. Par cons\u00e9quent, les internautes ne peuvent utiliser ces \u00e9l\u00e9ments qu\u2019\u00e0 des fins exclusivement priv\u00e9es (cercle familial) et sous r\u00e9serve de ne pas modifier de tels \u00e9l\u00e9ments.<br><br>Toute reproduction ou repr\u00e9sentation de ce site, en tout ou partie, sur un quelconque support est interdite sans l\u2019autorisation expresse et pr\u00e9alable de la soci\u00e9t\u00e9 COURS DE CUISINE OLIVIER BERTE.<\/p>\n","protected":false},"excerpt":{"rendered":"<p>Propri\u00e9taireD\u00e9nomination sociale : COURS DE CUISINE OLIVIER BERTE Siret : 451337109000247 RUE PAUL LELONG 75002 PARIS H\u00e9bergementLES COULISSES DU CHEF &#8211; EPICURISME.COM est \u00e9dit\u00e9 par la soci\u00e9t\u00e9 COURS DE CUISINE OLIVIER BERTE L\u2019h\u00e9bergement du site est assur\u00e9 par la soci\u00e9t\u00e9 IONOS IREN : 431 303 775SIRET (si\u00e8ge) : 431 303 775 00016Forme juridique : SARL, [&hellip;]<\/p>\n","protected":false},"author":2,"featured_media":0,"parent":0,"menu_order":0,"comment_status":"closed","ping_status":"closed","template":"","meta":{"_et_pb_use_builder":"off","_et_pb_old_content":"","_et_gb_content_width":"","footnotes":""},"class_list":["post-2087","page","type-page","status-publish","hentry"],"yoast_head":"<!-- This site is optimized with the Yoast SEO plugin v27.4 - https:\/\/yoast.com\/product\/yoast-seo-wordpress\/ -->\n<title>Mentions l\u00e9gales - Cours de cuisine \u00e0 Paris<\/title>\n<meta name=\"robots\" content=\"index, follow, max-snippet:-1, max-image-preview:large, max-video-preview:-1\" \/>\n<link rel=\"canonical\" href=\"https:\/\/www.coulissesduchef.com\/site\/mentions-legales\/\" \/>\n<meta property=\"og:locale\" content=\"fr_FR\" \/>\n<meta property=\"og:type\" content=\"article\" \/>\n<meta property=\"og:title\" content=\"Mentions l\u00e9gales - Cours de cuisine \u00e0 Paris\" \/>\n<meta property=\"og:description\" content=\"Propri\u00e9taireD\u00e9nomination sociale : COURS DE CUISINE OLIVIER BERTE Siret : 451337109000247 RUE PAUL LELONG 75002 PARIS H\u00e9bergementLES COULISSES DU CHEF &#8211; EPICURISME.COM est \u00e9dit\u00e9 par la soci\u00e9t\u00e9 COURS DE CUISINE OLIVIER BERTE L\u2019h\u00e9bergement du site est assur\u00e9 par la soci\u00e9t\u00e9 IONOS IREN : 431 303 775SIRET (si\u00e8ge) : 431 303 775 00016Forme juridique : SARL, [&hellip;]\" \/>\n<meta property=\"og:url\" content=\"https:\/\/www.coulissesduchef.com\/site\/mentions-legales\/\" \/>\n<meta property=\"og:site_name\" content=\"Cours de cuisine \u00e0 Paris\" \/>\n<meta property=\"article:modified_time\" content=\"2024-08-22T07:45:24+00:00\" \/>\n<meta name=\"twitter:card\" content=\"summary_large_image\" \/>\n<meta name=\"twitter:label1\" content=\"Dur\u00e9e de lecture estim\u00e9e\" \/>\n\t<meta name=\"twitter:data1\" content=\"2 minutes\" \/>\n<script type=\"application\/ld+json\" class=\"yoast-schema-graph\">{\"@context\":\"https:\\\/\\\/schema.org\",\"@graph\":[{\"@type\":\"WebPage\",\"@id\":\"https:\\\/\\\/www.coulissesduchef.com\\\/site\\\/mentions-legales\\\/\",\"url\":\"https:\\\/\\\/www.coulissesduchef.com\\\/site\\\/mentions-legales\\\/\",\"name\":\"Mentions l\u00e9gales - Cours de cuisine \u00e0 Paris\",\"isPartOf\":{\"@id\":\"https:\\\/\\\/www.coulissesduchef.com\\\/site\\\/#website\"},\"datePublished\":\"2024-08-22T07:45:22+00:00\",\"dateModified\":\"2024-08-22T07:45:24+00:00\",\"breadcrumb\":{\"@id\":\"https:\\\/\\\/www.coulissesduchef.com\\\/site\\\/mentions-legales\\\/#breadcrumb\"},\"inLanguage\":\"fr-FR\",\"potentialAction\":[{\"@type\":\"ReadAction\",\"target\":[\"https:\\\/\\\/www.coulissesduchef.com\\\/site\\\/mentions-legales\\\/\"]}]},{\"@type\":\"BreadcrumbList\",\"@id\":\"https:\\\/\\\/www.coulissesduchef.com\\\/site\\\/mentions-legales\\\/#breadcrumb\",\"itemListElement\":[{\"@type\":\"ListItem\",\"position\":1,\"name\":\"Accueil\",\"item\":\"https:\\\/\\\/www.coulissesduchef.com\\\/site\\\/\"},{\"@type\":\"ListItem\",\"position\":2,\"name\":\"Mentions l\u00e9gales\"}]},{\"@type\":\"WebSite\",\"@id\":\"https:\\\/\\\/www.coulissesduchef.com\\\/site\\\/#website\",\"url\":\"https:\\\/\\\/www.coulissesduchef.com\\\/site\\\/\",\"name\":\"Cours de cuisine \u00e0 Paris\",\"description\":\"Atelier &amp; Cours de cuisine d&#039;Olivier Bert\u00e9 Paris\",\"potentialAction\":[{\"@type\":\"SearchAction\",\"target\":{\"@type\":\"EntryPoint\",\"urlTemplate\":\"https:\\\/\\\/www.coulissesduchef.com\\\/site\\\/?s={search_term_string}\"},\"query-input\":{\"@type\":\"PropertyValueSpecification\",\"valueRequired\":true,\"valueName\":\"search_term_string\"}}],\"inLanguage\":\"fr-FR\"}]}<\/script>\n<!-- \/ Yoast SEO plugin. -->","yoast_head_json":{"title":"Mentions l\u00e9gales - Cours de cuisine \u00e0 Paris","robots":{"index":"index","follow":"follow","max-snippet":"max-snippet:-1","max-image-preview":"max-image-preview:large","max-video-preview":"max-video-preview:-1"},"canonical":"https:\/\/www.coulissesduchef.com\/site\/mentions-legales\/","og_locale":"fr_FR","og_type":"article","og_title":"Mentions l\u00e9gales - Cours de cuisine \u00e0 Paris","og_description":"Propri\u00e9taireD\u00e9nomination sociale : COURS DE CUISINE OLIVIER BERTE Siret : 451337109000247 RUE PAUL LELONG 75002 PARIS H\u00e9bergementLES COULISSES DU CHEF &#8211; EPICURISME.COM est \u00e9dit\u00e9 par la soci\u00e9t\u00e9 COURS DE CUISINE OLIVIER BERTE L\u2019h\u00e9bergement du site est assur\u00e9 par la soci\u00e9t\u00e9 IONOS IREN : 431 303 775SIRET (si\u00e8ge) : 431 303 775 00016Forme juridique : SARL, [&hellip;]","og_url":"https:\/\/www.coulissesduchef.com\/site\/mentions-legales\/","og_site_name":"Cours de cuisine \u00e0 Paris","article_modified_time":"2024-08-22T07:45:24+00:00","twitter_card":"summary_large_image","twitter_misc":{"Dur\u00e9e de lecture estim\u00e9e":"2 minutes"},"schema":{"@context":"https:\/\/schema.org","@graph":[{"@type":"WebPage","@id":"https:\/\/www.coulissesduchef.com\/site\/mentions-legales\/","url":"https:\/\/www.coulissesduchef.com\/site\/mentions-legales\/","name":"Mentions l\u00e9gales - Cours de cuisine \u00e0 Paris","isPartOf":{"@id":"https:\/\/www.coulissesduchef.com\/site\/#website"},"datePublished":"2024-08-22T07:45:22+00:00","dateModified":"2024-08-22T07:45:24+00:00","breadcrumb":{"@id":"https:\/\/www.coulissesduchef.com\/site\/mentions-legales\/#breadcrumb"},"inLanguage":"fr-FR","potentialAction":[{"@type":"ReadAction","target":["https:\/\/www.coulissesduchef.com\/site\/mentions-legales\/"]}]},{"@type":"BreadcrumbList","@id":"https:\/\/www.coulissesduchef.com\/site\/mentions-legales\/#breadcrumb","itemListElement":[{"@type":"ListItem","position":1,"name":"Accueil","item":"https:\/\/www.coulissesduchef.com\/site\/"},{"@type":"ListItem","position":2,"name":"Mentions l\u00e9gales"}]},{"@type":"WebSite","@id":"https:\/\/www.coulissesduchef.com\/site\/#website","url":"https:\/\/www.coulissesduchef.com\/site\/","name":"Cours de cuisine \u00e0 Paris","description":"Atelier &amp; Cours de cuisine d&#039;Olivier Bert\u00e9 Paris","potentialAction":[{"@type":"SearchAction","target":{"@type":"EntryPoint","urlTemplate":"https:\/\/www.coulissesduchef.com\/site\/?s={search_term_string}"},"query-input":{"@type":"PropertyValueSpecification","valueRequired":true,"valueName":"search_term_string"}}],"inLanguage":"fr-FR"}]}},"_links":{"self":[{"href":"https:\/\/www.coulissesduchef.com\/site\/wp-json\/wp\/v2\/pages\/2087","targetHints":{"allow":["GET"]}}],"collection":[{"href":"https:\/\/www.coulissesduchef.com\/site\/wp-json\/wp\/v2\/pages"}],"about":[{"href":"https:\/\/www.coulissesduchef.com\/site\/wp-json\/wp\/v2\/types\/page"}],"author":[{"embeddable":true,"href":"https:\/\/www.coulissesduchef.com\/site\/wp-json\/wp\/v2\/users\/2"}],"replies":[{"embeddable":true,"href":"https:\/\/www.coulissesduchef.com\/site\/wp-json\/wp\/v2\/comments?post=2087"}],"version-history":[{"count":0,"href":"https:\/\/www.coulissesduchef.com\/site\/wp-json\/wp\/v2\/pages\/2087\/revisions"}],"wp:attachment":[{"href":"https:\/\/www.coulissesduchef.com\/site\/wp-json\/wp\/v2\/media?parent=2087"}],"curies":[{"name":"wp","href":"https:\/\/api.w.org\/{rel}","templated":true}]}}